{"id":1535,"date":"2025-04-07T09:30:17","date_gmt":"2025-04-07T07:30:17","guid":{"rendered":"https:\/\/www.campingdesgrottes.com\/location\/"},"modified":"2025-04-28T16:35:02","modified_gmt":"2025-04-28T14:35:02","slug":"pitches","status":"publish","type":"page","link":"https:\/\/www.campingdesgrottes.com\/en\/pitches\/","title":{"rendered":"Pitches"},"content":{"rendered":"<div class=\"diaporama-header align-full\"><div class=\"gallery\"><figure class=\"gallery__item\"><picture><source srcset=\"https:\/\/www.campingdesgrottes.com\/wp-content\/uploads\/2025\/04\/Copyright_VDEC_LES_GROTTES-31-420x236.webp\" media=\"(max-width: 210px)\"><source srcset=\"https:\/\/www.campingdesgrottes.com\/wp-content\/uploads\/2025\/04\/Copyright_VDEC_LES_GROTTES-31-850x478.webp\" media=\"(max-width: 420px)\"><source srcset=\"https:\/\/www.campingdesgrottes.com\/wp-content\/uploads\/2025\/04\/Copyright_VDEC_LES_GROTTES-31-768x432.webp\" media=\"(max-width: 850px)\"><source srcset=\"https:\/\/www.campingdesgrottes.com\/wp-content\/uploads\/2025\/04\/Copyright_VDEC_LES_GROTTES-31-1024x576.webp\" media=\"(max-width: 1024px)\"><source srcset=\"https:\/\/www.campingdesgrottes.com\/wp-content\/uploads\/2025\/04\/Copyright_VDEC_LES_GROTTES-31.webp\" media=\"(min-width: 1025px)\"><img loading=\"lazy\" decoding=\"async\" src=\"https:\/\/www.campingdesgrottes.com\/wp-content\/uploads\/2025\/04\/Copyright_VDEC_LES_GROTTES-31-420x236.webp\" width=\"420\" height=\"210\" alt=\"\" title=\"\"><\/picture><\/figure><\/div><div class=\"diaporama-header__inner\"><h1>Campsite with comfortable pitches <span class=\"fc-span\">in Ari\u00e8ge<\/span><\/h1><\/div><\/div>\n\n<div class=\"group sec-05\"><h2 class=\"fade-right\" style=\"text-align: left;color: var(--vert);\">Camping in the heart of the <span class=\"fc-span\">Ari\u00e8ge near Tarascon-sur-Ari\u00e8ge<\/span><\/h2><div class=\"group sec-05__texte\"><p    >Looking for the perfect pitch for your tent, caravan or motorhome? We welcome you to an<strong> exceptional natural setting<\/strong> at the foot of the Ari\u00e8ge mountains. Enjoy a stay in the heart of nature, between streams, tall trees and breathtaking panoramas, for a <strong>rejuvenating vacation<\/strong> in complete serenity.<\/p><div class=\"buttons\"><span class=\"buttons__btn btn-resa-empl\" style=\"color:var(--vert);\">Book<\/span><\/div><\/div><div class=\"gallery f-carousel fc-diapo-mob\" data-fancybox=\"gallery-mob\"><figure class=\"gallery__item fade-up\"><picture><source srcset=\"https:\/\/www.campingdesgrottes.com\/wp-content\/uploads\/2025\/04\/Copyright_VDEC_LES_GROTTES-210-420x236.webp\" media=\"(max-width: 210px)\"><source srcset=\"https:\/\/www.campingdesgrottes.com\/wp-content\/uploads\/2025\/04\/Copyright_VDEC_LES_GROTTES-210-850x478.webp\" media=\"(max-width: 420px)\"><source srcset=\"https:\/\/www.campingdesgrottes.com\/wp-content\/uploads\/2025\/04\/Copyright_VDEC_LES_GROTTES-210-768x432.webp\" media=\"(max-width: 850px)\"><source srcset=\"https:\/\/www.campingdesgrottes.com\/wp-content\/uploads\/2025\/04\/Copyright_VDEC_LES_GROTTES-210-1024x576.webp\" media=\"(max-width: 1024px)\"><source srcset=\"https:\/\/www.campingdesgrottes.com\/wp-content\/uploads\/2025\/04\/Copyright_VDEC_LES_GROTTES-210.webp\" media=\"(min-width: 1025px)\"><img decoding=\"async\" src=\"https:\/\/www.campingdesgrottes.com\/wp-content\/uploads\/2025\/04\/Copyright_VDEC_LES_GROTTES-210-420x236.webp\" width=\"420\" height=\"210\" loading=\"lazy\" alt=\"\" title=\"\"><\/picture><\/figure><figure class=\"gallery__item fade-up\"><picture><source srcset=\"https:\/\/www.campingdesgrottes.com\/wp-content\/uploads\/2025\/04\/Copyright_VDEC_LES_GROTTES-172-420x236.webp\" media=\"(max-width: 210px)\"><source srcset=\"https:\/\/www.campingdesgrottes.com\/wp-content\/uploads\/2025\/04\/Copyright_VDEC_LES_GROTTES-172-850x478.webp\" media=\"(max-width: 420px)\"><source srcset=\"https:\/\/www.campingdesgrottes.com\/wp-content\/uploads\/2025\/04\/Copyright_VDEC_LES_GROTTES-172-768x432.webp\" media=\"(max-width: 850px)\"><source srcset=\"https:\/\/www.campingdesgrottes.com\/wp-content\/uploads\/2025\/04\/Copyright_VDEC_LES_GROTTES-172-1024x576.webp\" media=\"(max-width: 1024px)\"><source srcset=\"https:\/\/www.campingdesgrottes.com\/wp-content\/uploads\/2025\/04\/Copyright_VDEC_LES_GROTTES-172.webp\" media=\"(min-width: 1025px)\"><img decoding=\"async\" src=\"https:\/\/www.campingdesgrottes.com\/wp-content\/uploads\/2025\/04\/Copyright_VDEC_LES_GROTTES-172-420x236.webp\" width=\"420\" height=\"210\" loading=\"lazy\" alt=\"\" title=\"\"><\/picture><\/figure><figure class=\"gallery__item fade-up\"><picture><source srcset=\"https:\/\/www.campingdesgrottes.com\/wp-content\/uploads\/2025\/04\/Copyright_VDEC_DRONE_LES_GROTTES-5-420x236.webp\" media=\"(max-width: 210px)\"><source srcset=\"https:\/\/www.campingdesgrottes.com\/wp-content\/uploads\/2025\/04\/Copyright_VDEC_DRONE_LES_GROTTES-5-850x477.webp\" media=\"(max-width: 420px)\"><source srcset=\"https:\/\/www.campingdesgrottes.com\/wp-content\/uploads\/2025\/04\/Copyright_VDEC_DRONE_LES_GROTTES-5-768x431.webp\" media=\"(max-width: 850px)\"><source srcset=\"https:\/\/www.campingdesgrottes.com\/wp-content\/uploads\/2025\/04\/Copyright_VDEC_DRONE_LES_GROTTES-5-1024x575.webp\" media=\"(max-width: 1024px)\"><source srcset=\"https:\/\/www.campingdesgrottes.com\/wp-content\/uploads\/2025\/04\/Copyright_VDEC_DRONE_LES_GROTTES-5.webp\" media=\"(min-width: 1025px)\"><img decoding=\"async\" src=\"https:\/\/www.campingdesgrottes.com\/wp-content\/uploads\/2025\/04\/Copyright_VDEC_DRONE_LES_GROTTES-5-420x236.webp\" width=\"420\" height=\"210\" loading=\"lazy\" alt=\"\" title=\"\"><\/picture><\/figure><\/div><\/div>\n\n<div class=\"group sec-40\"><h2 class=\"fade-left\" style=\"color: var(--vert);\">Optimal comfort <span class=\"fc-span\">for a peaceful stay<\/span><\/h2><p    >Our semi-shaded pitches of around 80 m\u00b2 offer a 16A electrical connection (European plug required) and are bordered by large hedges or a pleasant stream. For maximum well-being, our <strong>sanitary facilities are heated<\/strong> in low season and include an area accessible to people with reduced mobility. Come and breathe the pure mountain air!<\/p><div class=\"gallery f-carousel fc-diapo-mob\" data-fancybox=\"gallery-mob\"><figure class=\"gallery__item fade-up\"><picture><source srcset=\"https:\/\/www.campingdesgrottes.com\/wp-content\/uploads\/2025\/04\/Copyright_VDEC_LES_GROTTES-28-3-420x236.webp\" media=\"(max-width: 210px)\"><source srcset=\"https:\/\/www.campingdesgrottes.com\/wp-content\/uploads\/2025\/04\/Copyright_VDEC_LES_GROTTES-28-3-850x478.webp\" media=\"(max-width: 420px)\"><source srcset=\"https:\/\/www.campingdesgrottes.com\/wp-content\/uploads\/2025\/04\/Copyright_VDEC_LES_GROTTES-28-3-768x432.webp\" media=\"(max-width: 850px)\"><source srcset=\"https:\/\/www.campingdesgrottes.com\/wp-content\/uploads\/2025\/04\/Copyright_VDEC_LES_GROTTES-28-3-1024x576.webp\" media=\"(max-width: 1024px)\"><source srcset=\"https:\/\/www.campingdesgrottes.com\/wp-content\/uploads\/2025\/04\/Copyright_VDEC_LES_GROTTES-28-3.webp\" media=\"(min-width: 1025px)\"><img decoding=\"async\" src=\"https:\/\/www.campingdesgrottes.com\/wp-content\/uploads\/2025\/04\/Copyright_VDEC_LES_GROTTES-28-3-420x236.webp\" width=\"420\" height=\"210\" loading=\"lazy\" alt=\"\" title=\"\"><\/picture><\/figure><figure class=\"gallery__item fade-up\"><picture><source srcset=\"https:\/\/www.campingdesgrottes.com\/wp-content\/uploads\/2025\/04\/Copyright_VDEC_LES_GROTTES-219-2-420x236.webp\" media=\"(max-width: 210px)\"><source srcset=\"https:\/\/www.campingdesgrottes.com\/wp-content\/uploads\/2025\/04\/Copyright_VDEC_LES_GROTTES-219-2-850x478.webp\" media=\"(max-width: 420px)\"><source srcset=\"https:\/\/www.campingdesgrottes.com\/wp-content\/uploads\/2025\/04\/Copyright_VDEC_LES_GROTTES-219-2-768x432.webp\" media=\"(max-width: 850px)\"><source srcset=\"https:\/\/www.campingdesgrottes.com\/wp-content\/uploads\/2025\/04\/Copyright_VDEC_LES_GROTTES-219-2-1024x576.webp\" media=\"(max-width: 1024px)\"><source srcset=\"https:\/\/www.campingdesgrottes.com\/wp-content\/uploads\/2025\/04\/Copyright_VDEC_LES_GROTTES-219-2.webp\" media=\"(min-width: 1025px)\"><img decoding=\"async\" src=\"https:\/\/www.campingdesgrottes.com\/wp-content\/uploads\/2025\/04\/Copyright_VDEC_LES_GROTTES-219-2-420x236.webp\" width=\"420\" height=\"210\" loading=\"lazy\" alt=\"\" title=\"\"><\/picture><\/figure><figure class=\"gallery__item fade-up\"><picture><source srcset=\"https:\/\/www.campingdesgrottes.com\/wp-content\/uploads\/2025\/04\/Copyright_VDEC_LES_GROTTES-206-2-420x236.webp\" media=\"(max-width: 210px)\"><source srcset=\"https:\/\/www.campingdesgrottes.com\/wp-content\/uploads\/2025\/04\/Copyright_VDEC_LES_GROTTES-206-2-850x478.webp\" media=\"(max-width: 420px)\"><source srcset=\"https:\/\/www.campingdesgrottes.com\/wp-content\/uploads\/2025\/04\/Copyright_VDEC_LES_GROTTES-206-2-768x432.webp\" media=\"(max-width: 850px)\"><source srcset=\"https:\/\/www.campingdesgrottes.com\/wp-content\/uploads\/2025\/04\/Copyright_VDEC_LES_GROTTES-206-2-1024x576.webp\" media=\"(max-width: 1024px)\"><source srcset=\"https:\/\/www.campingdesgrottes.com\/wp-content\/uploads\/2025\/04\/Copyright_VDEC_LES_GROTTES-206-2.webp\" media=\"(min-width: 1025px)\"><img decoding=\"async\" src=\"https:\/\/www.campingdesgrottes.com\/wp-content\/uploads\/2025\/04\/Copyright_VDEC_LES_GROTTES-206-2-420x236.webp\" width=\"420\" height=\"210\" loading=\"lazy\" alt=\"\" title=\"\"><\/picture><\/figure><\/div><\/div>","protected":false},"excerpt":{"rendered":"<p>Campsite with comfortable pitches in Ari\u00e8ge Camping in the heart of the Ari\u00e8ge near Tarascon-sur-Ari\u00e8ge Looking for the perfect pitch for your tent, caravan or motorhome? We welcome you to an exceptional natural setting at the foot of the Ari\u00e8ge mountains. Enjoy a stay in the heart of nature, between streams, tall trees and breathtaking [&hellip;]<\/p>\n","protected":false},"author":1,"featured_media":0,"parent":0,"menu_order":0,"comment_status":"open","ping_status":"open","template":"","meta":{"_acf_changed":false,"footnotes":""},"acf":[],"_links":{"self":[{"href":"https:\/\/www.campingdesgrottes.com\/en\/wp-json\/wp\/v2\/pages\/1535"}],"collection":[{"href":"https:\/\/www.campingdesgrottes.com\/en\/wp-json\/wp\/v2\/pages"}],"about":[{"href":"https:\/\/www.campingdesgrottes.com\/en\/wp-json\/wp\/v2\/types\/page"}],"author":[{"embeddable":true,"href":"https:\/\/www.campingdesgrottes.com\/en\/wp-json\/wp\/v2\/users\/1"}],"replies":[{"embeddable":true,"href":"https:\/\/www.campingdesgrottes.com\/en\/wp-json\/wp\/v2\/comments?post=1535"}],"version-history":[{"count":5,"href":"https:\/\/www.campingdesgrottes.com\/en\/wp-json\/wp\/v2\/pages\/1535\/revisions"}],"predecessor-version":[{"id":1746,"href":"https:\/\/www.campingdesgrottes.com\/en\/wp-json\/wp\/v2\/pages\/1535\/revisions\/1746"}],"wp:attachment":[{"href":"https:\/\/www.campingdesgrottes.com\/en\/wp-json\/wp\/v2\/media?parent=1535"}],"curies":[{"name":"wp","href":"https:\/\/api.w.org\/{rel}","templated":true}]}}