{"id":1636,"date":"2025-04-07T09:30:17","date_gmt":"2025-04-07T07:30:17","guid":{"rendered":"https:\/\/www.campingdesgrottes.com\/aktivitaeten\/"},"modified":"2025-06-06T10:34:24","modified_gmt":"2025-06-06T08:34:24","slug":"aktivitaeten","status":"publish","type":"page","link":"https:\/\/www.campingdesgrottes.com\/de\/aktivitaeten\/","title":{"rendered":"Aktivit\u00e4ten"},"content":{"rendered":"<div class=\"diaporama-header align-full\"><div class=\"gallery\"><figure class=\"gallery__item\"><picture><source srcset=\"https:\/\/www.campingdesgrottes.com\/wp-content\/uploads\/2025\/04\/Copyright_VDEC_LES_GROTTES-124-420x236.webp\" media=\"(max-width: 210px)\"><source srcset=\"https:\/\/www.campingdesgrottes.com\/wp-content\/uploads\/2025\/04\/Copyright_VDEC_LES_GROTTES-124-850x478.webp\" media=\"(max-width: 420px)\"><source srcset=\"https:\/\/www.campingdesgrottes.com\/wp-content\/uploads\/2025\/04\/Copyright_VDEC_LES_GROTTES-124-768x432.webp\" media=\"(max-width: 850px)\"><source srcset=\"https:\/\/www.campingdesgrottes.com\/wp-content\/uploads\/2025\/04\/Copyright_VDEC_LES_GROTTES-124-1024x576.webp\" media=\"(max-width: 1024px)\"><source srcset=\"https:\/\/www.campingdesgrottes.com\/wp-content\/uploads\/2025\/04\/Copyright_VDEC_LES_GROTTES-124.webp\" media=\"(min-width: 1025px)\"><img loading=\"lazy\" decoding=\"async\" src=\"https:\/\/www.campingdesgrottes.com\/wp-content\/uploads\/2025\/04\/Copyright_VDEC_LES_GROTTES-124-420x236.webp\" width=\"420\" height=\"210\" alt=\"\" title=\"\"><\/picture><\/figure><\/div><div class=\"diaporama-header__inner\"><h1>Freizeit und Unterhaltung <span class=\"fc-span\">auf dem Campingplatz<\/span><\/h1><\/div><\/div>\n\n<div class=\"group sec-10\"><h2 class=\"fade-left\" style=\"color: var(--vert);\">Ein Kinderclub f\u00fcr einen <span class=\"fc-span\">abenteuerlichen Urlaub<\/span><\/h2><div class=\"group sec-10__texte\"><p  style=\"color: var(--gris);\"  >Von Montag bis Freitag bietet der Kinderclub <strong>abwechslungsreiche Aktivit\u00e4ten<\/strong> f\u00fcr die Kleinsten. Schatzsuchen, Mal- und Kreativworkshops, Spiel- und Lernspiele bestimmen den Tagesablauf. Die Kinder k\u00f6nnen auch an<strong> Gruppen- und Sportspielen<\/strong> wie Fu\u00dfball oder Tischtennis teilnehmen.  <\/p><p  style=\"color: var(--vert);\"  ><strong>Ein H\u00f6hepunkt des Aufenthalts war die Herstellung von kleinen Booten, gefolgt von Rennen im Wasserarm, der durch den Campingplatz f\u00fchrt.<\/strong><\/p><\/div><div class=\"gallery f-carousel fc-diapo-mob\" data-fancybox=\"gallery-mob\"><figure class=\"gallery__item fade-up\"><picture><source srcset=\"https:\/\/www.campingdesgrottes.com\/wp-content\/uploads\/2025\/06\/DSC_4772-420x280.webp\" media=\"(max-width: 210px)\"><source srcset=\"https:\/\/www.campingdesgrottes.com\/wp-content\/uploads\/2025\/06\/DSC_4772-850x567.webp\" media=\"(max-width: 420px)\"><source srcset=\"https:\/\/www.campingdesgrottes.com\/wp-content\/uploads\/2025\/06\/DSC_4772-768x512.webp\" media=\"(max-width: 850px)\"><source srcset=\"https:\/\/www.campingdesgrottes.com\/wp-content\/uploads\/2025\/06\/DSC_4772-1024x683.webp\" media=\"(max-width: 1024px)\"><source srcset=\"https:\/\/www.campingdesgrottes.com\/wp-content\/uploads\/2025\/06\/DSC_4772.webp\" media=\"(min-width: 1025px)\"><img decoding=\"async\" src=\"https:\/\/www.campingdesgrottes.com\/wp-content\/uploads\/2025\/06\/DSC_4772-420x280.webp\" width=\"420\" height=\"210\" loading=\"lazy\" alt=\"\" title=\"\"><\/picture><\/figure><figure class=\"gallery__item fade-up\"><picture><source srcset=\"https:\/\/www.campingdesgrottes.com\/wp-content\/uploads\/2025\/04\/jeux-enfants-420x278.webp\" media=\"(max-width: 210px)\"><source srcset=\"https:\/\/www.campingdesgrottes.com\/wp-content\/uploads\/2025\/04\/jeux-enfants-850x562.webp\" media=\"(max-width: 420px)\"><source srcset=\"https:\/\/www.campingdesgrottes.com\/wp-content\/uploads\/2025\/04\/jeux-enfants-768x508.webp\" media=\"(max-width: 850px)\"><source srcset=\"https:\/\/www.campingdesgrottes.com\/wp-content\/uploads\/2025\/04\/jeux-enfants.webp\" media=\"(max-width: 1024px)\"><source srcset=\"https:\/\/www.campingdesgrottes.com\/wp-content\/uploads\/2025\/04\/jeux-enfants.webp\" media=\"(min-width: 1025px)\"><img decoding=\"async\" src=\"https:\/\/www.campingdesgrottes.com\/wp-content\/uploads\/2025\/04\/jeux-enfants-420x278.webp\" width=\"420\" height=\"210\" loading=\"lazy\" alt=\"\" title=\"\"><\/picture><\/figure><\/div><\/div>\n\n<div class=\"cover is-fixed sec-30 align-full\" data-bgimage=\"https:\/\/www.campingdesgrottes.com\/wp-content\/uploads\/2024\/07\/fond.webp\" data-bgimagexs=\"https:\/\/www.campingdesgrottes.com\/wp-content\/uploads\/2024\/07\/fond-768x512.webp\"><div class=\"cover__inner\"><h2 class=\"fade-right\" style=\"text-align: center;\">Aktivit\u00e4ten <span class=\"fc-span\">f\u00fcr Gro\u00df und Klein<\/span><\/h2><div class=\"group fc-diapo-mob\"><div class=\"columns fade-down\" style=\"align-items:center;\"><div class=\"columns__item\" style=\"align-self:center;\"><figure><picture><source srcset=\"https:\/\/www.campingdesgrottes.com\/wp-content\/uploads\/2025\/06\/DSC_4763-420x280.webp\" media=\"(max-width: 210px)\"><source srcset=\"https:\/\/www.campingdesgrottes.com\/wp-content\/uploads\/2025\/06\/DSC_4763-850x567.webp\" media=\"(max-width: 420px)\"><source srcset=\"https:\/\/www.campingdesgrottes.com\/wp-content\/uploads\/2025\/06\/DSC_4763-768x512.webp\" media=\"(max-width: 850px)\"><source srcset=\"https:\/\/www.campingdesgrottes.com\/wp-content\/uploads\/2025\/06\/DSC_4763-1024x683.webp\" media=\"(max-width: 1024px)\"><source srcset=\"https:\/\/www.campingdesgrottes.com\/wp-content\/uploads\/2025\/06\/DSC_4763.webp\" media=\"(min-width: 1025px)\"><img decoding=\"async\" src=\"https:\/\/www.campingdesgrottes.com\/wp-content\/uploads\/2025\/06\/DSC_4763-420x280.webp\" width=\"420\" height=\"210\" loading=\"lazy\" alt=\"\" title=\"\"><\/picture><\/figure><\/div><div class=\"columns__item\" style=\"align-self:center;\"><h3 class=\"h4\">Spiele und Geselligkeit<\/h3><p    >Billard, Tischfu\u00dfball, Shuffleboard und Petanque stehen f\u00fcr gemeinsame Momente mit der Familie oder mit Freunden bereit. Am\u00fcsieren Sie sich und stellen Sie sich den Herausforderungen in einer entspannten Atmosph\u00e4re. <\/p><\/div><\/div><div class=\"columns fade-up\" style=\"align-items:center;\"><div class=\"columns__item\" style=\"align-self:center;\"><figure><picture><source srcset=\"https:\/\/www.campingdesgrottes.com\/wp-content\/uploads\/2025\/06\/DSC_4705-420x280.webp\" media=\"(max-width: 210px)\"><source srcset=\"https:\/\/www.campingdesgrottes.com\/wp-content\/uploads\/2025\/06\/DSC_4705-850x567.webp\" media=\"(max-width: 420px)\"><source srcset=\"https:\/\/www.campingdesgrottes.com\/wp-content\/uploads\/2025\/06\/DSC_4705-768x512.webp\" media=\"(max-width: 850px)\"><source srcset=\"https:\/\/www.campingdesgrottes.com\/wp-content\/uploads\/2025\/06\/DSC_4705-1024x683.webp\" media=\"(max-width: 1024px)\"><source srcset=\"https:\/\/www.campingdesgrottes.com\/wp-content\/uploads\/2025\/06\/DSC_4705.webp\" media=\"(min-width: 1025px)\"><img decoding=\"async\" src=\"https:\/\/www.campingdesgrottes.com\/wp-content\/uploads\/2025\/06\/DSC_4705-420x280.webp\" width=\"420\" height=\"210\" loading=\"lazy\" alt=\"\" title=\"\"><\/picture><\/figure><\/div><div class=\"columns__item\" style=\"align-self:center;\"><h3 class=\"h4\">Sport und Wellness<\/h3><p    >Nutzen Sie die Ger\u00e4te im Freien am Ufer des Teiches, um aktiv zu bleiben und gleichzeitig die frische Luft zu genie\u00dfen. Ein idealer Rahmen, um Sport und Natur miteinander zu verbinden. <\/p><\/div><\/div><div class=\"columns fade-down\" style=\"align-items:center;\"><div class=\"columns__item\" style=\"align-self:center;\"><figure><picture><source srcset=\"https:\/\/www.campingdesgrottes.com\/wp-content\/uploads\/2025\/06\/DSC_4768-1-420x280.webp\" media=\"(max-width: 210px)\"><source srcset=\"https:\/\/www.campingdesgrottes.com\/wp-content\/uploads\/2025\/06\/DSC_4768-1-850x567.webp\" media=\"(max-width: 420px)\"><source srcset=\"https:\/\/www.campingdesgrottes.com\/wp-content\/uploads\/2025\/06\/DSC_4768-1-768x512.webp\" media=\"(max-width: 850px)\"><source srcset=\"https:\/\/www.campingdesgrottes.com\/wp-content\/uploads\/2025\/06\/DSC_4768-1-1024x683.webp\" media=\"(max-width: 1024px)\"><source srcset=\"https:\/\/www.campingdesgrottes.com\/wp-content\/uploads\/2025\/06\/DSC_4768-1.webp\" media=\"(min-width: 1025px)\"><img decoding=\"async\" src=\"https:\/\/www.campingdesgrottes.com\/wp-content\/uploads\/2025\/06\/DSC_4768-1-420x280.webp\" width=\"420\" height=\"210\" loading=\"lazy\" alt=\"\" title=\"\"><\/picture><\/figure><\/div><div class=\"columns__item\" style=\"align-self:center;\"><h3 class=\"h4\">Kinderbereich<\/h3><p    >F\u00fcr die j\u00fcngeren G\u00e4ste gibt es einen sicheren Spielplatz und eine H\u00fcpfburg, wo sie sich in aller Sicherheit vergn\u00fcgen und austoben k\u00f6nnen.<\/p><\/div><\/div><\/div><\/div><\/div>\n\n<div class=\"group sec-40\"><h2 class=\"fade-left\" style=\"color: var(--vert);\">Ein Teich zum <span class=\"fc-span\">Entspannen und Angeln<\/span><\/h2><p    >Der Teich des Campingplatzes ist eine wahre Oase der Ruhe. Er ist ideal f\u00fcr eine Siesta im Schatten und bietet eine angenehme K\u00fchle im Sommer. Jeden Mittwoch findet eine <strong>w\u00f6chentliche Angelpartie<\/strong> statt, bei der Sie Forellen aus der Fischzucht fangen k\u00f6nnen. Nur wenige Schritte vom Campingplatz entfernt liegt der Fluss Vicdessos, der f\u00fcr die Austragung einer Angel-Weltmeisterschaft bekannt ist, und der Liebhaber auf der Suche nach neuen F\u00e4ngen verf\u00fchren wird.   <\/p><div class=\"gallery f-carousel fc-diapo-mob\" data-fancybox=\"gallery-mob\"><figure class=\"gallery__item fade-up\"><picture><source srcset=\"https:\/\/www.campingdesgrottes.com\/wp-content\/uploads\/2025\/04\/Copyright_VDEC_LES_GROTTES-49-2-420x236.webp\" media=\"(max-width: 210px)\"><source srcset=\"https:\/\/www.campingdesgrottes.com\/wp-content\/uploads\/2025\/04\/Copyright_VDEC_LES_GROTTES-49-2-850x478.webp\" media=\"(max-width: 420px)\"><source srcset=\"https:\/\/www.campingdesgrottes.com\/wp-content\/uploads\/2025\/04\/Copyright_VDEC_LES_GROTTES-49-2-768x432.webp\" media=\"(max-width: 850px)\"><source srcset=\"https:\/\/www.campingdesgrottes.com\/wp-content\/uploads\/2025\/04\/Copyright_VDEC_LES_GROTTES-49-2-1024x576.webp\" media=\"(max-width: 1024px)\"><source srcset=\"https:\/\/www.campingdesgrottes.com\/wp-content\/uploads\/2025\/04\/Copyright_VDEC_LES_GROTTES-49-2.webp\" media=\"(min-width: 1025px)\"><img decoding=\"async\" src=\"https:\/\/www.campingdesgrottes.com\/wp-content\/uploads\/2025\/04\/Copyright_VDEC_LES_GROTTES-49-2-420x236.webp\" width=\"420\" height=\"210\" loading=\"lazy\" alt=\"\" title=\"\"><\/picture><\/figure><figure class=\"gallery__item fade-up\"><picture><source srcset=\"https:\/\/www.campingdesgrottes.com\/wp-content\/uploads\/2025\/04\/peche-enfant-camping-pyrenees-ariegeoises-420x280.webp\" media=\"(max-width: 210px)\"><source srcset=\"https:\/\/www.campingdesgrottes.com\/wp-content\/uploads\/2025\/04\/peche-enfant-camping-pyrenees-ariegeoises-850x566.webp\" media=\"(max-width: 420px)\"><source srcset=\"https:\/\/www.campingdesgrottes.com\/wp-content\/uploads\/2025\/04\/peche-enfant-camping-pyrenees-ariegeoises-768x511.webp\" media=\"(max-width: 850px)\"><source srcset=\"https:\/\/www.campingdesgrottes.com\/wp-content\/uploads\/2025\/04\/peche-enfant-camping-pyrenees-ariegeoises.webp\" media=\"(max-width: 1024px)\"><source srcset=\"https:\/\/www.campingdesgrottes.com\/wp-content\/uploads\/2025\/04\/peche-enfant-camping-pyrenees-ariegeoises.webp\" media=\"(min-width: 1025px)\"><img decoding=\"async\" src=\"https:\/\/www.campingdesgrottes.com\/wp-content\/uploads\/2025\/04\/peche-enfant-camping-pyrenees-ariegeoises-420x280.webp\" width=\"420\" height=\"210\" loading=\"lazy\" alt=\"\" title=\"\"><\/picture><\/figure><figure class=\"gallery__item fade-up\"><picture><source srcset=\"https:\/\/www.campingdesgrottes.com\/wp-content\/uploads\/2025\/04\/Copyright_VDEC_LES_GROTTES-190-1-420x236.webp\" media=\"(max-width: 210px)\"><source srcset=\"https:\/\/www.campingdesgrottes.com\/wp-content\/uploads\/2025\/04\/Copyright_VDEC_LES_GROTTES-190-1-850x478.webp\" media=\"(max-width: 420px)\"><source srcset=\"https:\/\/www.campingdesgrottes.com\/wp-content\/uploads\/2025\/04\/Copyright_VDEC_LES_GROTTES-190-1-768x432.webp\" media=\"(max-width: 850px)\"><source srcset=\"https:\/\/www.campingdesgrottes.com\/wp-content\/uploads\/2025\/04\/Copyright_VDEC_LES_GROTTES-190-1-1024x576.webp\" media=\"(max-width: 1024px)\"><source srcset=\"https:\/\/www.campingdesgrottes.com\/wp-content\/uploads\/2025\/04\/Copyright_VDEC_LES_GROTTES-190-1.webp\" media=\"(min-width: 1025px)\"><img decoding=\"async\" src=\"https:\/\/www.campingdesgrottes.com\/wp-content\/uploads\/2025\/04\/Copyright_VDEC_LES_GROTTES-190-1-420x236.webp\" width=\"420\" height=\"210\" loading=\"lazy\" alt=\"\" title=\"\"><\/picture><\/figure><\/div><\/div>\n\n<div class=\"cover is-fixed align-full\" data-bgimage=\"https:\/\/www.campingdesgrottes.com\/wp-content\/uploads\/2025\/04\/Copyright_VDEC_DRONE_LES_GROTTES-6.webp\" data-bgimagexs=\"https:\/\/www.campingdesgrottes.com\/wp-content\/uploads\/2025\/04\/Copyright_VDEC_DRONE_LES_GROTTES-6-768x432.webp\"><div class=\"cover__inner\"><p  style=\"text-align: center;\"  ><\/p><\/div><\/div>\n\n<div class=\"columns sec-20 reverse-mob\" style=\"align-items:center;\"><div class=\"columns__item sec-20__media\" style=\"align-self:center;\"><div class=\"gallery f-carousel fc-diapo-mob\" data-fancybox=\"gallery-mob\"><figure class=\"gallery__item fade-up\"><picture><source srcset=\"https:\/\/www.campingdesgrottes.com\/wp-content\/uploads\/2025\/04\/AdobeStock_1144850043-1-420x280.webp\" media=\"(max-width: 210px)\"><source srcset=\"https:\/\/www.campingdesgrottes.com\/wp-content\/uploads\/2025\/04\/AdobeStock_1144850043-1-850x566.webp\" media=\"(max-width: 420px)\"><source srcset=\"https:\/\/www.campingdesgrottes.com\/wp-content\/uploads\/2025\/04\/AdobeStock_1144850043-1-768x512.webp\" media=\"(max-width: 850px)\"><source srcset=\"https:\/\/www.campingdesgrottes.com\/wp-content\/uploads\/2025\/04\/AdobeStock_1144850043-1-1024x682.webp\" media=\"(max-width: 1024px)\"><source srcset=\"https:\/\/www.campingdesgrottes.com\/wp-content\/uploads\/2025\/04\/AdobeStock_1144850043-1.webp\" media=\"(min-width: 1025px)\"><img decoding=\"async\" src=\"https:\/\/www.campingdesgrottes.com\/wp-content\/uploads\/2025\/04\/AdobeStock_1144850043-1-420x280.webp\" width=\"420\" height=\"210\" loading=\"lazy\" alt=\"\" title=\"\"><\/picture><figcaption>Mechanischer Bulle<\/figcaption><\/figure><figure class=\"gallery__item fade-up\"><picture><source srcset=\"https:\/\/www.campingdesgrottes.com\/wp-content\/uploads\/2025\/04\/animation-camping-ariege-420x280.webp\" media=\"(max-width: 210px)\"><source srcset=\"https:\/\/www.campingdesgrottes.com\/wp-content\/uploads\/2025\/04\/animation-camping-ariege-850x566.webp\" media=\"(max-width: 420px)\"><source srcset=\"https:\/\/www.campingdesgrottes.com\/wp-content\/uploads\/2025\/04\/animation-camping-ariege-768x511.webp\" media=\"(max-width: 850px)\"><source srcset=\"https:\/\/www.campingdesgrottes.com\/wp-content\/uploads\/2025\/04\/animation-camping-ariege.webp\" media=\"(max-width: 1024px)\"><source srcset=\"https:\/\/www.campingdesgrottes.com\/wp-content\/uploads\/2025\/04\/animation-camping-ariege.webp\" media=\"(min-width: 1025px)\"><img decoding=\"async\" src=\"https:\/\/www.campingdesgrottes.com\/wp-content\/uploads\/2025\/04\/animation-camping-ariege-420x280.webp\" width=\"420\" height=\"210\" loading=\"lazy\" alt=\"\" title=\"\"><\/picture><figcaption>Tanzabend<\/figcaption><\/figure><figure class=\"gallery__item fade-up\"><picture><source srcset=\"https:\/\/www.campingdesgrottes.com\/wp-content\/uploads\/2025\/04\/AdobeStock_599035595-420x280.webp\" media=\"(max-width: 210px)\"><source srcset=\"https:\/\/www.campingdesgrottes.com\/wp-content\/uploads\/2025\/04\/AdobeStock_599035595-850x566.webp\" media=\"(max-width: 420px)\"><source srcset=\"https:\/\/www.campingdesgrottes.com\/wp-content\/uploads\/2025\/04\/AdobeStock_599035595-768x512.webp\" media=\"(max-width: 850px)\"><source srcset=\"https:\/\/www.campingdesgrottes.com\/wp-content\/uploads\/2025\/04\/AdobeStock_599035595-1024x682.webp\" media=\"(max-width: 1024px)\"><source srcset=\"https:\/\/www.campingdesgrottes.com\/wp-content\/uploads\/2025\/04\/AdobeStock_599035595.webp\" media=\"(min-width: 1025px)\"><img decoding=\"async\" src=\"https:\/\/www.campingdesgrottes.com\/wp-content\/uploads\/2025\/04\/AdobeStock_599035595-420x280.webp\" width=\"420\" height=\"210\" loading=\"lazy\" alt=\"\" title=\"\"><\/picture><figcaption>Begr\u00fc\u00dfungsgetr\u00e4nk<\/figcaption><\/figure><figure class=\"gallery__item fade-up\"><picture><source srcset=\"https:\/\/www.campingdesgrottes.com\/wp-content\/uploads\/2025\/04\/AdobeStock_118485137-1-420x280.webp\" media=\"(max-width: 210px)\"><source srcset=\"https:\/\/www.campingdesgrottes.com\/wp-content\/uploads\/2025\/04\/AdobeStock_118485137-1-850x566.webp\" media=\"(max-width: 420px)\"><source srcset=\"https:\/\/www.campingdesgrottes.com\/wp-content\/uploads\/2025\/04\/AdobeStock_118485137-1-768x512.webp\" media=\"(max-width: 850px)\"><source srcset=\"https:\/\/www.campingdesgrottes.com\/wp-content\/uploads\/2025\/04\/AdobeStock_118485137-1-1024x682.webp\" media=\"(max-width: 1024px)\"><source srcset=\"https:\/\/www.campingdesgrottes.com\/wp-content\/uploads\/2025\/04\/AdobeStock_118485137-1.webp\" media=\"(min-width: 1025px)\"><img decoding=\"async\" src=\"https:\/\/www.campingdesgrottes.com\/wp-content\/uploads\/2025\/04\/AdobeStock_118485137-1-420x280.webp\" width=\"420\" height=\"210\" loading=\"lazy\" alt=\"\" title=\"\"><\/picture><figcaption>Karaoquiz<\/figcaption><\/figure><\/div><\/div><div class=\"columns__item\" style=\"align-self:center;\"><h2 class=\"h3 fade-left\" style=\"color: var(--vert);\">Abendunterhaltung, <span class=\"fc-span\">um den Tag zu beenden<\/span><\/h2><p    >Die Abende sind ein Synonym f\u00fcr gute Laune und Unterhaltung. In der Hochsaison <strong>hat jeder Abend sein eigenes Ambiente<\/strong>: Lotto, Karaoquiz, mechanischer Stier, Tanzabend. Am Sonntag gibt es ab 19 Uhr einen Begr\u00fc\u00dfungsumtrunk, bei dem Sie das Team kennen lernen und die Woche gut beginnen k\u00f6nnen. Die Bar schlie\u00dft um Mitternacht, so dass jeder von <strong>den Animationen profitieren<\/strong> kann.<\/p><\/div><\/div>","protected":false},"excerpt":{"rendered":"<p>Freizeit und Unterhaltung auf dem Campingplatz Ein Kinderclub f\u00fcr einen abenteuerlichen Urlaub Von Montag bis Freitag bietet der Kinderclub abwechslungsreiche Aktivit\u00e4ten f\u00fcr die Kleinsten. Schatzsuchen, Mal- und Kreativworkshops, Spiel- und Lernspiele bestimmen den Tagesablauf. Die Kinder k\u00f6nnen auch an Gruppen- und Sportspielen wie Fu\u00dfball oder Tischtennis teilnehmen. Ein H\u00f6hepunkt des Aufenthalts war die Herstellung von [&hellip;]<\/p>\n","protected":false},"author":1,"featured_media":0,"parent":0,"menu_order":0,"comment_status":"open","ping_status":"open","template":"","meta":{"_acf_changed":false,"footnotes":""},"acf":[],"_links":{"self":[{"href":"https:\/\/www.campingdesgrottes.com\/de\/wp-json\/wp\/v2\/pages\/1636"}],"collection":[{"href":"https:\/\/www.campingdesgrottes.com\/de\/wp-json\/wp\/v2\/pages"}],"about":[{"href":"https:\/\/www.campingdesgrottes.com\/de\/wp-json\/wp\/v2\/types\/page"}],"author":[{"embeddable":true,"href":"https:\/\/www.campingdesgrottes.com\/de\/wp-json\/wp\/v2\/users\/1"}],"replies":[{"embeddable":true,"href":"https:\/\/www.campingdesgrottes.com\/de\/wp-json\/wp\/v2\/comments?post=1636"}],"version-history":[{"count":6,"href":"https:\/\/www.campingdesgrottes.com\/de\/wp-json\/wp\/v2\/pages\/1636\/revisions"}],"predecessor-version":[{"id":1948,"href":"https:\/\/www.campingdesgrottes.com\/de\/wp-json\/wp\/v2\/pages\/1636\/revisions\/1948"}],"wp:attachment":[{"href":"https:\/\/www.campingdesgrottes.com\/de\/wp-json\/wp\/v2\/media?parent=1636"}],"curies":[{"name":"wp","href":"https:\/\/api.w.org\/{rel}","templated":true}]}}