{"id":1534,"date":"2025-04-07T09:30:17","date_gmt":"2025-04-07T07:30:17","guid":{"rendered":"https:\/\/www.campingdesgrottes.com\/gruppe\/"},"modified":"2025-06-06T10:38:05","modified_gmt":"2025-06-06T08:38:05","slug":"gruppe","status":"publish","type":"page","link":"https:\/\/www.campingdesgrottes.com\/de\/gruppe\/","title":{"rendered":"Gruppe"},"content":{"rendered":"<div class=\"diaporama-header align-full\"><div class=\"gallery\"><figure class=\"gallery__item\"><picture><source srcset=\"https:\/\/www.campingdesgrottes.com\/wp-content\/uploads\/2025\/04\/Copyright_VDEC_DRONE_LES_GROTTES-3-420x236.webp\" media=\"(max-width: 210px)\"><source srcset=\"https:\/\/www.campingdesgrottes.com\/wp-content\/uploads\/2025\/04\/Copyright_VDEC_DRONE_LES_GROTTES-3-850x477.webp\" media=\"(max-width: 420px)\"><source srcset=\"https:\/\/www.campingdesgrottes.com\/wp-content\/uploads\/2025\/04\/Copyright_VDEC_DRONE_LES_GROTTES-3-768x431.webp\" media=\"(max-width: 850px)\"><source srcset=\"https:\/\/www.campingdesgrottes.com\/wp-content\/uploads\/2025\/04\/Copyright_VDEC_DRONE_LES_GROTTES-3-1024x575.webp\" media=\"(max-width: 1024px)\"><source srcset=\"https:\/\/www.campingdesgrottes.com\/wp-content\/uploads\/2025\/04\/Copyright_VDEC_DRONE_LES_GROTTES-3.webp\" media=\"(min-width: 1025px)\"><img loading=\"lazy\" decoding=\"async\" src=\"https:\/\/www.campingdesgrottes.com\/wp-content\/uploads\/2025\/04\/Copyright_VDEC_DRONE_LES_GROTTES-3-420x236.webp\" width=\"420\" height=\"210\" alt=\"\" title=\"\"><\/picture><\/figure><\/div><div class=\"diaporama-header__inner\"><h1>Empfang von Gruppen auf <span class=\"fc-span\">dem Campingplatz 6 Kilometer von Tarascon-sur-Ari\u00e8ge entfernt.<\/span><\/h1><\/div><\/div>\n\n<div class=\"group sec-00\"><h2 class=\"fade-right\" style=\"color: var(--vert);\">Gruppenreisen <span class=\"fc-span\">teilen unvergessliche Momente<\/span><\/h2><div class=\"group sec-00__texte\"><p    >Wir sind der ideale Ort, um sich zu treffen und gesellige Momente in einer au\u00dfergew\u00f6hnlichen Umgebung zu verbringen. Wir verf\u00fcgen \u00fcber eine <strong>gro\u00dfe Kapazit\u00e4t<\/strong> an Mobilheimen und Chalets f\u00fcr 2 bis 10 Personen, mit verschiedenen Konfigurationen f\u00fcr jeden Bedarf. <\/p><div class=\"buttons\"><span class=\"buttons__btn btn-resa\" style=\"color:var(--vert);\">Buchen Sie<\/span><\/div><\/div><div class=\"lireplus sec-00__extra fc-mob\"><p    >Lesen Sie mehr<\/p><div class=\"group\"><p    >Genie\u00dfen Sie die ideale Lage, um <strong>die Gegend zu erkunden<\/strong>. Entdecken Sie Tarascon-sur-Ari\u00e8ge in 6 km Entfernung, die pr\u00e4historischen H\u00f6hlen von Niaux und La Vache, die Stadt Foix mit ihrer Festung und Ax-les-Thermes mit seinen B\u00e4dern. Tauchen Sie ein in die Geschichte der Katharerburgen wie Monts\u00e9gur oder begeben Sie sich auf Abenteuerreise nach Andorra und Spanien. Erleben Sie ein <strong>unvergessliches Gruppenerlebnis<\/strong> in der Ari\u00e8ge!   <\/p><\/div><\/div><div class=\"gallery f-carousel fc-diapo-mob\" data-fancybox=\"gallery-mob\"><figure class=\"gallery__item fade-up\"><picture><source srcset=\"https:\/\/www.campingdesgrottes.com\/wp-content\/uploads\/2025\/04\/velo-sur-un-chemin-de-terre-420x280.webp\" media=\"(max-width: 210px)\"><source srcset=\"https:\/\/www.campingdesgrottes.com\/wp-content\/uploads\/2025\/04\/velo-sur-un-chemin-de-terre-850x566.webp\" media=\"(max-width: 420px)\"><source srcset=\"https:\/\/www.campingdesgrottes.com\/wp-content\/uploads\/2025\/04\/velo-sur-un-chemin-de-terre-768x512.webp\" media=\"(max-width: 850px)\"><source srcset=\"https:\/\/www.campingdesgrottes.com\/wp-content\/uploads\/2025\/04\/velo-sur-un-chemin-de-terre-1024x682.webp\" media=\"(max-width: 1024px)\"><source srcset=\"https:\/\/www.campingdesgrottes.com\/wp-content\/uploads\/2025\/04\/velo-sur-un-chemin-de-terre.webp\" media=\"(min-width: 1025px)\"><img decoding=\"async\" src=\"https:\/\/www.campingdesgrottes.com\/wp-content\/uploads\/2025\/04\/velo-sur-un-chemin-de-terre-420x280.webp\" width=\"420\" height=\"210\" loading=\"lazy\" alt=\"\" title=\"\"><\/picture><\/figure><figure class=\"gallery__item fade-up\"><picture><source srcset=\"https:\/\/www.campingdesgrottes.com\/wp-content\/uploads\/2025\/04\/Copyright_VDEC_DRONE_LES_GROTTES-49-1-420x236.webp\" media=\"(max-width: 210px)\"><source srcset=\"https:\/\/www.campingdesgrottes.com\/wp-content\/uploads\/2025\/04\/Copyright_VDEC_DRONE_LES_GROTTES-49-1-850x477.webp\" media=\"(max-width: 420px)\"><source srcset=\"https:\/\/www.campingdesgrottes.com\/wp-content\/uploads\/2025\/04\/Copyright_VDEC_DRONE_LES_GROTTES-49-1-768x431.webp\" media=\"(max-width: 850px)\"><source srcset=\"https:\/\/www.campingdesgrottes.com\/wp-content\/uploads\/2025\/04\/Copyright_VDEC_DRONE_LES_GROTTES-49-1-1024x575.webp\" media=\"(max-width: 1024px)\"><source srcset=\"https:\/\/www.campingdesgrottes.com\/wp-content\/uploads\/2025\/04\/Copyright_VDEC_DRONE_LES_GROTTES-49-1.webp\" media=\"(min-width: 1025px)\"><img decoding=\"async\" src=\"https:\/\/www.campingdesgrottes.com\/wp-content\/uploads\/2025\/04\/Copyright_VDEC_DRONE_LES_GROTTES-49-1-420x236.webp\" width=\"420\" height=\"210\" loading=\"lazy\" alt=\"\" title=\"\"><\/picture><\/figure><figure class=\"gallery__item fade-up\"><picture><source srcset=\"https:\/\/www.campingdesgrottes.com\/wp-content\/uploads\/2025\/04\/Copyright_VDEC_LES_GROTTES-58-420x236.webp\" media=\"(max-width: 210px)\"><source srcset=\"https:\/\/www.campingdesgrottes.com\/wp-content\/uploads\/2025\/04\/Copyright_VDEC_LES_GROTTES-58-850x478.webp\" media=\"(max-width: 420px)\"><source srcset=\"https:\/\/www.campingdesgrottes.com\/wp-content\/uploads\/2025\/04\/Copyright_VDEC_LES_GROTTES-58-768x432.webp\" media=\"(max-width: 850px)\"><source srcset=\"https:\/\/www.campingdesgrottes.com\/wp-content\/uploads\/2025\/04\/Copyright_VDEC_LES_GROTTES-58-1024x576.webp\" media=\"(max-width: 1024px)\"><source srcset=\"https:\/\/www.campingdesgrottes.com\/wp-content\/uploads\/2025\/04\/Copyright_VDEC_LES_GROTTES-58.webp\" media=\"(min-width: 1025px)\"><img decoding=\"async\" src=\"https:\/\/www.campingdesgrottes.com\/wp-content\/uploads\/2025\/04\/Copyright_VDEC_LES_GROTTES-58-420x236.webp\" width=\"420\" height=\"210\" loading=\"lazy\" alt=\"\" title=\"\"><\/picture><\/figure><\/div><\/div>\n\n<div class=\"columns sec-20\" style=\"align-items:center;\"><div class=\"columns__item\" style=\"align-self:center;\"><h2 class=\"h3 fade-left\" style=\"color: var(--vert);\">Alle unsere Dienstleistungen f\u00fcr <span class=\"fc-span\">Ihren Komfort<\/span><\/h2><p    >Genie\u00dfen Sie au\u00dferhalb der Saison einen Aufenthalt mit allem Komfort in den Pyren\u00e4en von Ariege. F\u00fcr Gruppen ist das Restaurant auf Anfrage von Mitte M\u00e4rz bis Mitte Oktober ge\u00f6ffnet. <\/p><div class=\"lireplus fc-mob\"><p    >Lesen Sie mehr<\/p><div class=\"group\"><p    >Entspannen Sie sich in unserem beheizten Hallenbad mit Massaged\u00fcsen und einem sicheren Planschbecken. Ein Wellnessbereich mit Jacuzzi und Sauna ist nach vorheriger Reservierung zug\u00e4nglich. <\/p><p    >Chalets und Mobilheime f\u00fcr 2 bis 10 Personen, ger\u00e4umige Stellpl\u00e4tze f\u00fcr Wohnmobile und beheizte Sanit\u00e4ranlagen in der Nebensaison sorgen f\u00fcr einen angenehmen Aufenthalt.<\/p><\/div><\/div><\/div><div class=\"columns__item sec-20__media\" style=\"align-self:center;\"><div class=\"gallery f-carousel fc-diapo-mob\" data-fancybox=\"gallery-mob\"><figure class=\"gallery__item fade-up\"><picture><source srcset=\"https:\/\/www.campingdesgrottes.com\/wp-content\/uploads\/2025\/06\/DSC_4775-420x280.webp\" media=\"(max-width: 210px)\"><source srcset=\"https:\/\/www.campingdesgrottes.com\/wp-content\/uploads\/2025\/06\/DSC_4775-850x567.webp\" media=\"(max-width: 420px)\"><source srcset=\"https:\/\/www.campingdesgrottes.com\/wp-content\/uploads\/2025\/06\/DSC_4775-768x512.webp\" media=\"(max-width: 850px)\"><source srcset=\"https:\/\/www.campingdesgrottes.com\/wp-content\/uploads\/2025\/06\/DSC_4775-1024x683.webp\" media=\"(max-width: 1024px)\"><source srcset=\"https:\/\/www.campingdesgrottes.com\/wp-content\/uploads\/2025\/06\/DSC_4775.webp\" media=\"(min-width: 1025px)\"><img decoding=\"async\" src=\"https:\/\/www.campingdesgrottes.com\/wp-content\/uploads\/2025\/06\/DSC_4775-420x280.webp\" width=\"420\" height=\"210\" loading=\"lazy\" alt=\"\" title=\"\"><\/picture><figcaption>Gastst\u00e4tte<\/figcaption><\/figure><figure class=\"gallery__item fade-up\"><picture><source srcset=\"https:\/\/www.campingdesgrottes.com\/wp-content\/uploads\/2025\/06\/DSC_4760-1-420x280.webp\" media=\"(max-width: 210px)\"><source srcset=\"https:\/\/www.campingdesgrottes.com\/wp-content\/uploads\/2025\/06\/DSC_4760-1-850x567.webp\" media=\"(max-width: 420px)\"><source srcset=\"https:\/\/www.campingdesgrottes.com\/wp-content\/uploads\/2025\/06\/DSC_4760-1-768x512.webp\" media=\"(max-width: 850px)\"><source srcset=\"https:\/\/www.campingdesgrottes.com\/wp-content\/uploads\/2025\/06\/DSC_4760-1-1024x683.webp\" media=\"(max-width: 1024px)\"><source srcset=\"https:\/\/www.campingdesgrottes.com\/wp-content\/uploads\/2025\/06\/DSC_4760-1.webp\" media=\"(min-width: 1025px)\"><img decoding=\"async\" src=\"https:\/\/www.campingdesgrottes.com\/wp-content\/uploads\/2025\/06\/DSC_4760-1-420x280.webp\" width=\"420\" height=\"210\" loading=\"lazy\" alt=\"\" title=\"\"><\/picture><figcaption>Sauna<\/figcaption><\/figure><figure class=\"gallery__item fade-up\"><picture><source srcset=\"https:\/\/www.campingdesgrottes.com\/wp-content\/uploads\/2025\/06\/DSC_5361-1-420x280.webp\" media=\"(max-width: 210px)\"><source srcset=\"https:\/\/www.campingdesgrottes.com\/wp-content\/uploads\/2025\/06\/DSC_5361-1-850x567.webp\" media=\"(max-width: 420px)\"><source srcset=\"https:\/\/www.campingdesgrottes.com\/wp-content\/uploads\/2025\/06\/DSC_5361-1-768x512.webp\" media=\"(max-width: 850px)\"><source srcset=\"https:\/\/www.campingdesgrottes.com\/wp-content\/uploads\/2025\/06\/DSC_5361-1-1024x683.webp\" media=\"(max-width: 1024px)\"><source srcset=\"https:\/\/www.campingdesgrottes.com\/wp-content\/uploads\/2025\/06\/DSC_5361-1.webp\" media=\"(min-width: 1025px)\"><img decoding=\"async\" src=\"https:\/\/www.campingdesgrottes.com\/wp-content\/uploads\/2025\/06\/DSC_5361-1-420x280.webp\" width=\"420\" height=\"210\" loading=\"lazy\" alt=\"\" title=\"\"><\/picture><figcaption>Boulodrom<\/figcaption><\/figure><figure class=\"gallery__item fade-up\"><picture><source srcset=\"https:\/\/www.campingdesgrottes.com\/wp-content\/uploads\/2025\/04\/Copyright_VDEC_DRONE_LES_GROTTES-15-1-420x236.webp\" media=\"(max-width: 210px)\"><source srcset=\"https:\/\/www.campingdesgrottes.com\/wp-content\/uploads\/2025\/04\/Copyright_VDEC_DRONE_LES_GROTTES-15-1-850x477.webp\" media=\"(max-width: 420px)\"><source srcset=\"https:\/\/www.campingdesgrottes.com\/wp-content\/uploads\/2025\/04\/Copyright_VDEC_DRONE_LES_GROTTES-15-1-768x431.webp\" media=\"(max-width: 850px)\"><source srcset=\"https:\/\/www.campingdesgrottes.com\/wp-content\/uploads\/2025\/04\/Copyright_VDEC_DRONE_LES_GROTTES-15-1-1024x575.webp\" media=\"(max-width: 1024px)\"><source srcset=\"https:\/\/www.campingdesgrottes.com\/wp-content\/uploads\/2025\/04\/Copyright_VDEC_DRONE_LES_GROTTES-15-1.webp\" media=\"(min-width: 1025px)\"><img decoding=\"async\" src=\"https:\/\/www.campingdesgrottes.com\/wp-content\/uploads\/2025\/04\/Copyright_VDEC_DRONE_LES_GROTTES-15-1-420x236.webp\" width=\"420\" height=\"210\" loading=\"lazy\" alt=\"\" title=\"\"><\/picture><figcaption>Wasserpark<\/figcaption><\/figure><\/div><\/div><\/div>","protected":false},"excerpt":{"rendered":"<p>Empfang von Gruppen auf dem Campingplatz 6 Kilometer von Tarascon-sur-Ari\u00e8ge entfernt. Gruppenreisen teilen unvergessliche Momente Wir sind der ideale Ort, um sich zu treffen und gesellige Momente in einer au\u00dfergew\u00f6hnlichen Umgebung zu verbringen. Wir verf\u00fcgen \u00fcber eine gro\u00dfe Kapazit\u00e4t an Mobilheimen und Chalets f\u00fcr 2 bis 10 Personen, mit verschiedenen Konfigurationen f\u00fcr jeden Bedarf. Alle [&hellip;]<\/p>\n","protected":false},"author":1,"featured_media":0,"parent":0,"menu_order":0,"comment_status":"open","ping_status":"open","template":"","meta":{"_acf_changed":false,"footnotes":""},"acf":[],"_links":{"self":[{"href":"https:\/\/www.campingdesgrottes.com\/de\/wp-json\/wp\/v2\/pages\/1534"}],"collection":[{"href":"https:\/\/www.campingdesgrottes.com\/de\/wp-json\/wp\/v2\/pages"}],"about":[{"href":"https:\/\/www.campingdesgrottes.com\/de\/wp-json\/wp\/v2\/types\/page"}],"author":[{"embeddable":true,"href":"https:\/\/www.campingdesgrottes.com\/de\/wp-json\/wp\/v2\/users\/1"}],"replies":[{"embeddable":true,"href":"https:\/\/www.campingdesgrottes.com\/de\/wp-json\/wp\/v2\/comments?post=1534"}],"version-history":[{"count":4,"href":"https:\/\/www.campingdesgrottes.com\/de\/wp-json\/wp\/v2\/pages\/1534\/revisions"}],"predecessor-version":[{"id":1952,"href":"https:\/\/www.campingdesgrottes.com\/de\/wp-json\/wp\/v2\/pages\/1534\/revisions\/1952"}],"wp:attachment":[{"href":"https:\/\/www.campingdesgrottes.com\/de\/wp-json\/wp\/v2\/media?parent=1534"}],"curies":[{"name":"wp","href":"https:\/\/api.w.org\/{rel}","templated":true}]}}