{"id":1513,"date":"2025-04-07T09:30:17","date_gmt":"2025-04-07T07:30:17","guid":{"rendered":"https:\/\/www.campingdesgrottes.com\/tourismus-die-region\/"},"modified":"2025-04-28T16:28:47","modified_gmt":"2025-04-28T14:28:47","slug":"tourismus-die-region","status":"publish","type":"page","link":"https:\/\/www.campingdesgrottes.com\/de\/tourismus-die-region\/","title":{"rendered":"Tourismus &#8211; Die Region"},"content":{"rendered":"<div class=\"diaporama-header align-full\"><div class=\"gallery\"><figure class=\"gallery__item\"><picture><source srcset=\"https:\/\/www.campingdesgrottes.com\/wp-content\/uploads\/2025\/04\/Copyright_VDEC_DRONE_LES_GROTTES-3-420x236.webp\" media=\"(max-width: 210px)\"><source srcset=\"https:\/\/www.campingdesgrottes.com\/wp-content\/uploads\/2025\/04\/Copyright_VDEC_DRONE_LES_GROTTES-3-850x477.webp\" media=\"(max-width: 420px)\"><source srcset=\"https:\/\/www.campingdesgrottes.com\/wp-content\/uploads\/2025\/04\/Copyright_VDEC_DRONE_LES_GROTTES-3-768x431.webp\" media=\"(max-width: 850px)\"><source srcset=\"https:\/\/www.campingdesgrottes.com\/wp-content\/uploads\/2025\/04\/Copyright_VDEC_DRONE_LES_GROTTES-3-1024x575.webp\" media=\"(max-width: 1024px)\"><source srcset=\"https:\/\/www.campingdesgrottes.com\/wp-content\/uploads\/2025\/04\/Copyright_VDEC_DRONE_LES_GROTTES-3.webp\" media=\"(min-width: 1025px)\"><img loading=\"lazy\" decoding=\"async\" src=\"https:\/\/www.campingdesgrottes.com\/wp-content\/uploads\/2025\/04\/Copyright_VDEC_DRONE_LES_GROTTES-3-420x236.webp\" width=\"420\" height=\"210\" alt=\"\" title=\"\"><\/picture><\/figure><\/div><div class=\"diaporama-header__inner\"><h1>Entdeckung der Pyren\u00e4en <span class=\"fc-span\">von Ari\u00e8ge und Andorra<\/span><\/h1><\/div><\/div>\n\n<div class=\"group sec-05\"><h2 class=\"fade-right\" style=\"color: var(--vert);\">Die Pyren\u00e4en <span class=\"fc-span\">ein majest\u00e4tisches Gebiet<\/span><\/h2><div class=\"group sec-05__texte\"><p    >Die Pyren\u00e4en, eine Bergkette an der Grenze zwischen Frankreich und Spanien, bieten eine atemberaubende Landschaft mit schneebedeckten Gipfeln, gr\u00fcnen T\u00e4lern und hochgelegenen Seen. Als beliebtes Gebiet f\u00fcr Naturliebhaber und Abenteurer sind die Pyren\u00e4en der ideale Ort f\u00fcr Wanderungen, Wintersport und andere Aktivit\u00e4ten im Freien. Die Pyren\u00e4en sind auch reich an einem au\u00dfergew\u00f6hnlichen historischen und kulturellen Erbe, mit pr\u00e4historischen St\u00e4tten, malerischen D\u00f6rfern und legend\u00e4ren Stra\u00dfen, die von der Tour de France befahren werden.  <\/p><\/div><div class=\"gallery f-carousel fc-diapo-mob\" data-fancybox=\"gallery-mob\"><figure class=\"gallery__item fade-up\"><picture><source srcset=\"https:\/\/www.campingdesgrottes.com\/wp-content\/uploads\/2025\/04\/village-d-azet-420x279.webp\" media=\"(max-width: 210px)\"><source srcset=\"https:\/\/www.campingdesgrottes.com\/wp-content\/uploads\/2025\/04\/village-d-azet-850x564.webp\" media=\"(max-width: 420px)\"><source srcset=\"https:\/\/www.campingdesgrottes.com\/wp-content\/uploads\/2025\/04\/village-d-azet-768x509.webp\" media=\"(max-width: 850px)\"><source srcset=\"https:\/\/www.campingdesgrottes.com\/wp-content\/uploads\/2025\/04\/village-d-azet-1024x679.webp\" media=\"(max-width: 1024px)\"><source srcset=\"https:\/\/www.campingdesgrottes.com\/wp-content\/uploads\/2025\/04\/village-d-azet.webp\" media=\"(min-width: 1025px)\"><img decoding=\"async\" src=\"https:\/\/www.campingdesgrottes.com\/wp-content\/uploads\/2025\/04\/village-d-azet-420x279.webp\" width=\"420\" height=\"210\" loading=\"lazy\" alt=\"\" title=\"\"><\/picture><\/figure><figure class=\"gallery__item fade-up\"><picture><source srcset=\"https:\/\/www.campingdesgrottes.com\/wp-content\/uploads\/2025\/04\/randonnee-lac-de-gaube-420x280.webp\" media=\"(max-width: 210px)\"><source srcset=\"https:\/\/www.campingdesgrottes.com\/wp-content\/uploads\/2025\/04\/randonnee-lac-de-gaube-850x567.webp\" media=\"(max-width: 420px)\"><source srcset=\"https:\/\/www.campingdesgrottes.com\/wp-content\/uploads\/2025\/04\/randonnee-lac-de-gaube-768x512.webp\" media=\"(max-width: 850px)\"><source srcset=\"https:\/\/www.campingdesgrottes.com\/wp-content\/uploads\/2025\/04\/randonnee-lac-de-gaube-1024x683.webp\" media=\"(max-width: 1024px)\"><source srcset=\"https:\/\/www.campingdesgrottes.com\/wp-content\/uploads\/2025\/04\/randonnee-lac-de-gaube.webp\" media=\"(min-width: 1025px)\"><img decoding=\"async\" src=\"https:\/\/www.campingdesgrottes.com\/wp-content\/uploads\/2025\/04\/randonnee-lac-de-gaube-420x280.webp\" width=\"420\" height=\"210\" loading=\"lazy\" alt=\"\" title=\"\"><\/picture><\/figure><figure class=\"gallery__item fade-up\"><picture><source srcset=\"https:\/\/www.campingdesgrottes.com\/wp-content\/uploads\/2025\/04\/col-du-tourmalet-420x280.webp\" media=\"(max-width: 210px)\"><source srcset=\"https:\/\/www.campingdesgrottes.com\/wp-content\/uploads\/2025\/04\/col-du-tourmalet-850x566.webp\" media=\"(max-width: 420px)\"><source srcset=\"https:\/\/www.campingdesgrottes.com\/wp-content\/uploads\/2025\/04\/col-du-tourmalet-768x512.webp\" media=\"(max-width: 850px)\"><source srcset=\"https:\/\/www.campingdesgrottes.com\/wp-content\/uploads\/2025\/04\/col-du-tourmalet-1024x682.webp\" media=\"(max-width: 1024px)\"><source srcset=\"https:\/\/www.campingdesgrottes.com\/wp-content\/uploads\/2025\/04\/col-du-tourmalet.webp\" media=\"(min-width: 1025px)\"><img decoding=\"async\" src=\"https:\/\/www.campingdesgrottes.com\/wp-content\/uploads\/2025\/04\/col-du-tourmalet-420x280.webp\" width=\"420\" height=\"210\" loading=\"lazy\" alt=\"\" title=\"\"><\/picture><\/figure><\/div><\/div>\n\n<div class=\"columns sec-20\" style=\"align-items:center;\"><div class=\"columns__item\" style=\"align-self:center;\"><h2 class=\"h3 fade-left\" style=\"color: var(--vert);\">Die Ari\u00e8ge, ein Departement <span class=\"fc-span\">zwischen Natur und Geschichte<\/span><\/h2><p    >Das Departement Ari\u00e8ge in den Pyren\u00e4en, das an Spanien und Andorra grenzt, ist ein Gebiet mit einem reichen Kulturerbe, Traditionen und einer gesch\u00fctzten Natur. Zwischen gr\u00fcnen H\u00fcgeln, pr\u00e4historischen H\u00f6hlen, mittelalterlichen St\u00e4dten und Bergfl\u00fcssen bietet die Ari\u00e8ge einen idealen Rahmen f\u00fcr Entspannung und Natursport. <\/p><div class=\"lireplus fc-desk\"><p    >Lesen Sie mehr<\/p><div class=\"group\"><p    >Der 4-Sterne-Campingplatz Des Grottes liegt 5 km von Tarascon-sur-Ari\u00e8ge entfernt im Dorf Alliat und ist ideal gelegen, um das okzitanische Gebiet mit seinen vielen nat\u00fcrlichen und kulturellen Attraktionen zu erkunden.<\/p><\/div><\/div><\/div><div class=\"columns__item sec-20__media\" style=\"align-self:center;\"><div class=\"gallery f-carousel fc-diapo-mob\" data-fancybox=\"gallery-mob\"><figure class=\"gallery__item fade-up\"><picture><source srcset=\"https:\/\/www.campingdesgrottes.com\/wp-content\/uploads\/2025\/04\/chateau-de-foix-pyrenees-420x280.webp\" media=\"(max-width: 210px)\"><source srcset=\"https:\/\/www.campingdesgrottes.com\/wp-content\/uploads\/2025\/04\/chateau-de-foix-pyrenees-850x566.webp\" media=\"(max-width: 420px)\"><source srcset=\"https:\/\/www.campingdesgrottes.com\/wp-content\/uploads\/2025\/04\/chateau-de-foix-pyrenees-768x512.webp\" media=\"(max-width: 850px)\"><source srcset=\"https:\/\/www.campingdesgrottes.com\/wp-content\/uploads\/2025\/04\/chateau-de-foix-pyrenees-1024x682.webp\" media=\"(max-width: 1024px)\"><source srcset=\"https:\/\/www.campingdesgrottes.com\/wp-content\/uploads\/2025\/04\/chateau-de-foix-pyrenees.webp\" media=\"(min-width: 1025px)\"><img decoding=\"async\" src=\"https:\/\/www.campingdesgrottes.com\/wp-content\/uploads\/2025\/04\/chateau-de-foix-pyrenees-420x280.webp\" width=\"420\" height=\"210\" loading=\"lazy\" alt=\"\" title=\"\"><\/picture><figcaption>Schloss Foix<\/figcaption><\/figure><figure class=\"gallery__item fade-up\"><picture><source srcset=\"https:\/\/www.campingdesgrottes.com\/wp-content\/uploads\/2025\/04\/le-laurenti-420x280.webp\" media=\"(max-width: 210px)\"><source srcset=\"https:\/\/www.campingdesgrottes.com\/wp-content\/uploads\/2025\/04\/le-laurenti-850x566.webp\" media=\"(max-width: 420px)\"><source srcset=\"https:\/\/www.campingdesgrottes.com\/wp-content\/uploads\/2025\/04\/le-laurenti-768x512.webp\" media=\"(max-width: 850px)\"><source srcset=\"https:\/\/www.campingdesgrottes.com\/wp-content\/uploads\/2025\/04\/le-laurenti-1024x682.webp\" media=\"(max-width: 1024px)\"><source srcset=\"https:\/\/www.campingdesgrottes.com\/wp-content\/uploads\/2025\/04\/le-laurenti.webp\" media=\"(min-width: 1025px)\"><img decoding=\"async\" src=\"https:\/\/www.campingdesgrottes.com\/wp-content\/uploads\/2025\/04\/le-laurenti-420x280.webp\" width=\"420\" height=\"210\" loading=\"lazy\" alt=\"\" title=\"\"><\/picture><figcaption>Laurenti See<\/figcaption><\/figure><figure class=\"gallery__item fade-up\"><picture><source srcset=\"https:\/\/www.campingdesgrottes.com\/wp-content\/uploads\/2025\/04\/village-de-seix-420x280.webp\" media=\"(max-width: 210px)\"><source srcset=\"https:\/\/www.campingdesgrottes.com\/wp-content\/uploads\/2025\/04\/village-de-seix-850x566.webp\" media=\"(max-width: 420px)\"><source srcset=\"https:\/\/www.campingdesgrottes.com\/wp-content\/uploads\/2025\/04\/village-de-seix-768x512.webp\" media=\"(max-width: 850px)\"><source srcset=\"https:\/\/www.campingdesgrottes.com\/wp-content\/uploads\/2025\/04\/village-de-seix-1024x682.webp\" media=\"(max-width: 1024px)\"><source srcset=\"https:\/\/www.campingdesgrottes.com\/wp-content\/uploads\/2025\/04\/village-de-seix.webp\" media=\"(min-width: 1025px)\"><img decoding=\"async\" src=\"https:\/\/www.campingdesgrottes.com\/wp-content\/uploads\/2025\/04\/village-de-seix-420x280.webp\" width=\"420\" height=\"210\" loading=\"lazy\" alt=\"\" title=\"\"><\/picture><figcaption>Dorf Seix<\/figcaption><\/figure><figure class=\"gallery__item fade-up\"><picture><source srcset=\"https:\/\/www.campingdesgrottes.com\/wp-content\/uploads\/2025\/04\/reserve-d-orlu-420x280.webp\" media=\"(max-width: 210px)\"><source srcset=\"https:\/\/www.campingdesgrottes.com\/wp-content\/uploads\/2025\/04\/reserve-d-orlu-850x566.webp\" media=\"(max-width: 420px)\"><source srcset=\"https:\/\/www.campingdesgrottes.com\/wp-content\/uploads\/2025\/04\/reserve-d-orlu-768x512.webp\" media=\"(max-width: 850px)\"><source srcset=\"https:\/\/www.campingdesgrottes.com\/wp-content\/uploads\/2025\/04\/reserve-d-orlu-1024x682.webp\" media=\"(max-width: 1024px)\"><source srcset=\"https:\/\/www.campingdesgrottes.com\/wp-content\/uploads\/2025\/04\/reserve-d-orlu.webp\" media=\"(min-width: 1025px)\"><img decoding=\"async\" src=\"https:\/\/www.campingdesgrottes.com\/wp-content\/uploads\/2025\/04\/reserve-d-orlu-420x280.webp\" width=\"420\" height=\"210\" loading=\"lazy\" alt=\"\" title=\"\"><\/picture><figcaption>Orlu-Reservat<\/figcaption><\/figure><\/div><\/div><\/div>\n\n<div class=\"group sec-40\"><h2 class=\"fade-left\" style=\"color: var(--vert);\">Andorra, ein kleines Land <span class=\"fc-span\">im Herzen der Pyren\u00e4en<\/span><\/h2><p    >Andorra liegt nur 84 km vom Campingplatz Des Grottes entfernt und ist ein einzigartiges Reiseziel zwischen Natur, Shopping und Wellness. Dieses kleine Land in den Pyren\u00e4en ist ber\u00fchmt f\u00fcr seine Skigebiete wie Grandvalira und Vallnord, seine spektakul\u00e4re Berglandschaft und seine zollfreien Gesch\u00e4fte. <\/p><div class=\"lireplus fc-mob\"><p    >Lesen Sie mehr<\/p><div class=\"group\"><p    >Neben den Aktivit\u00e4ten im Freien ist Andorra auch ein Ort der Entspannung mit seinem Thermalzentrum Caldea, das sich perfekt f\u00fcr einen Moment der Entspannung nach einem Tag voller Erkundungen eignet. Ob f\u00fcr einen Tag oder einen l\u00e4ngeren Aufenthalt, Andorra bietet eine abwechslungsreiche Auszeit vor den Toren der Ari\u00e8ge. <\/p><\/div><\/div><div class=\"gallery f-carousel fc-diapo-mob\" data-fancybox=\"gallery-mob\"><figure class=\"gallery__item fade-up\"><picture><source srcset=\"https:\/\/www.campingdesgrottes.com\/wp-content\/uploads\/2025\/04\/lac-estany-primer-420x315.webp\" media=\"(max-width: 210px)\"><source srcset=\"https:\/\/www.campingdesgrottes.com\/wp-content\/uploads\/2025\/04\/lac-estany-primer-850x638.webp\" media=\"(max-width: 420px)\"><source srcset=\"https:\/\/www.campingdesgrottes.com\/wp-content\/uploads\/2025\/04\/lac-estany-primer-768x576.webp\" media=\"(max-width: 850px)\"><source srcset=\"https:\/\/www.campingdesgrottes.com\/wp-content\/uploads\/2025\/04\/lac-estany-primer-1024x768.webp\" media=\"(max-width: 1024px)\"><source srcset=\"https:\/\/www.campingdesgrottes.com\/wp-content\/uploads\/2025\/04\/lac-estany-primer.webp\" media=\"(min-width: 1025px)\"><img decoding=\"async\" src=\"https:\/\/www.campingdesgrottes.com\/wp-content\/uploads\/2025\/04\/lac-estany-primer-420x315.webp\" width=\"420\" height=\"210\" loading=\"lazy\" alt=\"\" title=\"\"><\/picture><\/figure><figure class=\"gallery__item fade-up\"><picture><source srcset=\"https:\/\/www.campingdesgrottes.com\/wp-content\/uploads\/2025\/04\/village-d-andorre-420x315.webp\" media=\"(max-width: 210px)\"><source srcset=\"https:\/\/www.campingdesgrottes.com\/wp-content\/uploads\/2025\/04\/village-d-andorre-850x638.webp\" media=\"(max-width: 420px)\"><source srcset=\"https:\/\/www.campingdesgrottes.com\/wp-content\/uploads\/2025\/04\/village-d-andorre-768x576.webp\" media=\"(max-width: 850px)\"><source srcset=\"https:\/\/www.campingdesgrottes.com\/wp-content\/uploads\/2025\/04\/village-d-andorre-1024x768.webp\" media=\"(max-width: 1024px)\"><source srcset=\"https:\/\/www.campingdesgrottes.com\/wp-content\/uploads\/2025\/04\/village-d-andorre.webp\" media=\"(min-width: 1025px)\"><img decoding=\"async\" src=\"https:\/\/www.campingdesgrottes.com\/wp-content\/uploads\/2025\/04\/village-d-andorre-420x315.webp\" width=\"420\" height=\"210\" loading=\"lazy\" alt=\"\" title=\"\"><\/picture><\/figure><figure class=\"gallery__item fade-up\"><picture><source srcset=\"https:\/\/www.campingdesgrottes.com\/wp-content\/uploads\/2025\/04\/ansalonga-andorre-420x280.webp\" media=\"(max-width: 210px)\"><source srcset=\"https:\/\/www.campingdesgrottes.com\/wp-content\/uploads\/2025\/04\/ansalonga-andorre-850x566.webp\" media=\"(max-width: 420px)\"><source srcset=\"https:\/\/www.campingdesgrottes.com\/wp-content\/uploads\/2025\/04\/ansalonga-andorre-768x512.webp\" media=\"(max-width: 850px)\"><source srcset=\"https:\/\/www.campingdesgrottes.com\/wp-content\/uploads\/2025\/04\/ansalonga-andorre-1024x682.webp\" media=\"(max-width: 1024px)\"><source srcset=\"https:\/\/www.campingdesgrottes.com\/wp-content\/uploads\/2025\/04\/ansalonga-andorre.webp\" media=\"(min-width: 1025px)\"><img decoding=\"async\" src=\"https:\/\/www.campingdesgrottes.com\/wp-content\/uploads\/2025\/04\/ansalonga-andorre-420x280.webp\" width=\"420\" height=\"210\" loading=\"lazy\" alt=\"\" title=\"\"><\/picture><\/figure><\/div><\/div>","protected":false},"excerpt":{"rendered":"<p>Entdeckung der Pyren\u00e4en von Ari\u00e8ge und Andorra Die Pyren\u00e4en ein majest\u00e4tisches Gebiet Die Pyren\u00e4en, eine Bergkette an der Grenze zwischen Frankreich und Spanien, bieten eine atemberaubende Landschaft mit schneebedeckten Gipfeln, gr\u00fcnen T\u00e4lern und hochgelegenen Seen. Als beliebtes Gebiet f\u00fcr Naturliebhaber und Abenteurer sind die Pyren\u00e4en der ideale Ort f\u00fcr Wanderungen, Wintersport und andere Aktivit\u00e4ten im [&hellip;]<\/p>\n","protected":false},"author":1,"featured_media":0,"parent":0,"menu_order":0,"comment_status":"open","ping_status":"open","template":"","meta":{"_acf_changed":false,"footnotes":""},"acf":[],"_links":{"self":[{"href":"https:\/\/www.campingdesgrottes.com\/de\/wp-json\/wp\/v2\/pages\/1513"}],"collection":[{"href":"https:\/\/www.campingdesgrottes.com\/de\/wp-json\/wp\/v2\/pages"}],"about":[{"href":"https:\/\/www.campingdesgrottes.com\/de\/wp-json\/wp\/v2\/types\/page"}],"author":[{"embeddable":true,"href":"https:\/\/www.campingdesgrottes.com\/de\/wp-json\/wp\/v2\/users\/1"}],"replies":[{"embeddable":true,"href":"https:\/\/www.campingdesgrottes.com\/de\/wp-json\/wp\/v2\/comments?post=1513"}],"version-history":[{"count":3,"href":"https:\/\/www.campingdesgrottes.com\/de\/wp-json\/wp\/v2\/pages\/1513\/revisions"}],"predecessor-version":[{"id":1739,"href":"https:\/\/www.campingdesgrottes.com\/de\/wp-json\/wp\/v2\/pages\/1513\/revisions\/1739"}],"wp:attachment":[{"href":"https:\/\/www.campingdesgrottes.com\/de\/wp-json\/wp\/v2\/media?parent=1513"}],"curies":[{"name":"wp","href":"https:\/\/api.w.org\/{rel}","templated":true}]}}