{"id":1502,"date":"2025-04-07T09:30:17","date_gmt":"2025-04-07T07:30:17","guid":{"rendered":"https:\/\/www.campingdesgrottes.com\/wasserpark\/"},"modified":"2025-06-06T10:29:40","modified_gmt":"2025-06-06T08:29:40","slug":"wasserpark","status":"publish","type":"page","link":"https:\/\/www.campingdesgrottes.com\/de\/wasserpark\/","title":{"rendered":"Wasserpark"},"content":{"rendered":"<div class=\"diaporama-header align-full\"><div class=\"gallery\"><figure class=\"gallery__item\"><picture><source srcset=\"https:\/\/www.campingdesgrottes.com\/wp-content\/uploads\/2025\/04\/Copyright_VDEC_DRONE_LES_GROTTES-61-420x236.webp\" media=\"(max-width: 210px)\"><source srcset=\"https:\/\/www.campingdesgrottes.com\/wp-content\/uploads\/2025\/04\/Copyright_VDEC_DRONE_LES_GROTTES-61-850x478.webp\" media=\"(max-width: 420px)\"><source srcset=\"https:\/\/www.campingdesgrottes.com\/wp-content\/uploads\/2025\/04\/Copyright_VDEC_DRONE_LES_GROTTES-61-768x432.webp\" media=\"(max-width: 850px)\"><source srcset=\"https:\/\/www.campingdesgrottes.com\/wp-content\/uploads\/2025\/04\/Copyright_VDEC_DRONE_LES_GROTTES-61-1024x575.webp\" media=\"(max-width: 1024px)\"><source srcset=\"https:\/\/www.campingdesgrottes.com\/wp-content\/uploads\/2025\/04\/Copyright_VDEC_DRONE_LES_GROTTES-61.webp\" media=\"(min-width: 1025px)\"><img loading=\"lazy\" decoding=\"async\" src=\"https:\/\/www.campingdesgrottes.com\/wp-content\/uploads\/2025\/04\/Copyright_VDEC_DRONE_LES_GROTTES-61-420x236.webp\" width=\"420\" height=\"210\" alt=\"\" title=\"\"><\/picture><\/figure><\/div><div class=\"diaporama-header__inner\"><h1>Wasserpark mit <span class=\"fc-span\">beheiztem Hallenbad in der Ari\u00e8ge<\/span><\/h1><\/div><\/div>\n\n<div class=\"columns sec-20\" style=\"align-items:center;\"><div class=\"columns__item\" style=\"align-self:center;\"><h2 class=\"h3 fade-left\" style=\"color: var(--vert);\">Drei Becken f\u00fcr <span class=\"fc-span\">maximales Vergn\u00fcgen<\/span><\/h2><p    >Inmitten einer atemberaubenden Kulisse k\u00f6nnen Sie den Wasserpark mit seinen<strong> drei Becken<\/strong> nutzen, der allen Anspr\u00fcchen gerecht wird. Tauchen Sie von Mitte Mai bis Mitte September in den <strong>Au\u00dfenpool<\/strong> ein und genie\u00dfen Sie das Schwimmen im <strong>beheizten Hallenbad<\/strong> zu jeder Jahreszeit. Das angenehme Wasser, die Schwanenh\u00e4lse und die Massaged\u00fcsen machen es zu einer Oase der Entspannung. Dank seiner modularen Struktur kann der Pool teilweise ge\u00f6ffnet werden, um einen schattigen Bereich zu bieten, ideal an hei\u00dfen Sommertagen.   <\/p><\/div><div class=\"columns__item sec-20__media\" style=\"align-self:center;\"><div class=\"gallery f-carousel fc-diapo-mob\" data-fancybox=\"gallery-mob\"><figure class=\"gallery__item fade-up\"><picture><source srcset=\"https:\/\/www.campingdesgrottes.com\/wp-content\/uploads\/2025\/06\/dji_fly_20250527_074020_425_1749114379130_photo_optimized-420x236.webp\" media=\"(max-width: 210px)\"><source srcset=\"https:\/\/www.campingdesgrottes.com\/wp-content\/uploads\/2025\/06\/dji_fly_20250527_074020_425_1749114379130_photo_optimized-850x478.webp\" media=\"(max-width: 420px)\"><source srcset=\"https:\/\/www.campingdesgrottes.com\/wp-content\/uploads\/2025\/06\/dji_fly_20250527_074020_425_1749114379130_photo_optimized-768x432.webp\" media=\"(max-width: 850px)\"><source srcset=\"https:\/\/www.campingdesgrottes.com\/wp-content\/uploads\/2025\/06\/dji_fly_20250527_074020_425_1749114379130_photo_optimized-1024x576.webp\" media=\"(max-width: 1024px)\"><source srcset=\"https:\/\/www.campingdesgrottes.com\/wp-content\/uploads\/2025\/06\/dji_fly_20250527_074020_425_1749114379130_photo_optimized.webp\" media=\"(min-width: 1025px)\"><img decoding=\"async\" src=\"https:\/\/www.campingdesgrottes.com\/wp-content\/uploads\/2025\/06\/dji_fly_20250527_074020_425_1749114379130_photo_optimized-420x236.webp\" width=\"420\" height=\"210\" loading=\"lazy\" alt=\"\" title=\"\"><\/picture><figcaption>Piscine couverte<\/figcaption><\/figure><figure class=\"gallery__item fade-up\"><picture><source srcset=\"https:\/\/www.campingdesgrottes.com\/wp-content\/uploads\/2025\/06\/dji_fly_20250527_072658_403_1749114385033_photo_optimized-420x236.webp\" media=\"(max-width: 210px)\"><source srcset=\"https:\/\/www.campingdesgrottes.com\/wp-content\/uploads\/2025\/06\/dji_fly_20250527_072658_403_1749114385033_photo_optimized-850x478.webp\" media=\"(max-width: 420px)\"><source srcset=\"https:\/\/www.campingdesgrottes.com\/wp-content\/uploads\/2025\/06\/dji_fly_20250527_072658_403_1749114385033_photo_optimized-768x432.webp\" media=\"(max-width: 850px)\"><source srcset=\"https:\/\/www.campingdesgrottes.com\/wp-content\/uploads\/2025\/06\/dji_fly_20250527_072658_403_1749114385033_photo_optimized-1024x576.webp\" media=\"(max-width: 1024px)\"><source srcset=\"https:\/\/www.campingdesgrottes.com\/wp-content\/uploads\/2025\/06\/dji_fly_20250527_072658_403_1749114385033_photo_optimized.webp\" media=\"(min-width: 1025px)\"><img decoding=\"async\" src=\"https:\/\/www.campingdesgrottes.com\/wp-content\/uploads\/2025\/06\/dji_fly_20250527_072658_403_1749114385033_photo_optimized-420x236.webp\" width=\"420\" height=\"210\" loading=\"lazy\" alt=\"\" title=\"\"><\/picture><figcaption>Vue sur les montagnes<\/figcaption><\/figure><figure class=\"gallery__item fade-up\"><picture><source srcset=\"https:\/\/www.campingdesgrottes.com\/wp-content\/uploads\/2025\/06\/dji_fly_20250527_072746_407_1749114381964_photo_optimized-420x236.webp\" media=\"(max-width: 210px)\"><source srcset=\"https:\/\/www.campingdesgrottes.com\/wp-content\/uploads\/2025\/06\/dji_fly_20250527_072746_407_1749114381964_photo_optimized-850x478.webp\" media=\"(max-width: 420px)\"><source srcset=\"https:\/\/www.campingdesgrottes.com\/wp-content\/uploads\/2025\/06\/dji_fly_20250527_072746_407_1749114381964_photo_optimized-768x432.webp\" media=\"(max-width: 850px)\"><source srcset=\"https:\/\/www.campingdesgrottes.com\/wp-content\/uploads\/2025\/06\/dji_fly_20250527_072746_407_1749114381964_photo_optimized-1024x576.webp\" media=\"(max-width: 1024px)\"><source srcset=\"https:\/\/www.campingdesgrottes.com\/wp-content\/uploads\/2025\/06\/dji_fly_20250527_072746_407_1749114381964_photo_optimized.webp\" media=\"(min-width: 1025px)\"><img decoding=\"async\" src=\"https:\/\/www.campingdesgrottes.com\/wp-content\/uploads\/2025\/06\/dji_fly_20250527_072746_407_1749114381964_photo_optimized-420x236.webp\" width=\"420\" height=\"210\" loading=\"lazy\" alt=\"\" title=\"\"><\/picture><figcaption>Piscines ext\u00e9rieures<\/figcaption><\/figure><figure class=\"gallery__item fade-up\"><picture><source srcset=\"https:\/\/www.campingdesgrottes.com\/wp-content\/uploads\/2025\/06\/dji_fly_20250527_073036_416_1749114380184_photo_optimized-420x236.webp\" media=\"(max-width: 210px)\"><source srcset=\"https:\/\/www.campingdesgrottes.com\/wp-content\/uploads\/2025\/06\/dji_fly_20250527_073036_416_1749114380184_photo_optimized-850x478.webp\" media=\"(max-width: 420px)\"><source srcset=\"https:\/\/www.campingdesgrottes.com\/wp-content\/uploads\/2025\/06\/dji_fly_20250527_073036_416_1749114380184_photo_optimized-768x432.webp\" media=\"(max-width: 850px)\"><source srcset=\"https:\/\/www.campingdesgrottes.com\/wp-content\/uploads\/2025\/06\/dji_fly_20250527_073036_416_1749114380184_photo_optimized-1024x576.webp\" media=\"(max-width: 1024px)\"><source srcset=\"https:\/\/www.campingdesgrottes.com\/wp-content\/uploads\/2025\/06\/dji_fly_20250527_073036_416_1749114380184_photo_optimized.webp\" media=\"(min-width: 1025px)\"><img decoding=\"async\" src=\"https:\/\/www.campingdesgrottes.com\/wp-content\/uploads\/2025\/06\/dji_fly_20250527_073036_416_1749114380184_photo_optimized-420x236.webp\" width=\"420\" height=\"210\" loading=\"lazy\" alt=\"\" title=\"\"><\/picture><figcaption>Toboggans<\/figcaption><\/figure><\/div><\/div><\/div>\n\n<div class=\"group sec-15\"><h3 class=\"fade-right\" style=\"color: var(--vert);\">Auch Kinder <span class=\"fc-span\">haben ihren eigenen Bereich<\/span><\/h3><div class=\"group sec-15__texte\"><p    >Mit <strong>zwei Planschbecken<\/strong>, eines im Au\u00dfenbereich und eines im Hallenbad, k\u00f6nnen die Kleinsten das Wasser in aller Sicherheit genie\u00dfen. Sie k\u00f6nnen ihre ersten Badeerfahrungen machen, indem sie im Wasser herumspritzen und erste Wasserspiele machen. Sie k\u00f6nnen sich auf den schattigen Liegest\u00fchlen entspannen, w\u00e4hrend Sie ein wachsames Auge auf Ihre kleinen Nachwuchsschwimmer haben.  <\/p><\/div><div class=\"gallery fade-left f-carousel fc-diapo-mob\" data-fancybox=\"gallery-mob\"><figure class=\"gallery__item fade-up\"><picture><source srcset=\"https:\/\/www.campingdesgrottes.com\/wp-content\/uploads\/2025\/04\/Copyright_VDEC_LES_GROTTES-132-1-420x236.jpg.webp\" media=\"(max-width: 210px)\"><source srcset=\"https:\/\/www.campingdesgrottes.com\/wp-content\/uploads\/2025\/04\/Copyright_VDEC_LES_GROTTES-132-1-850x478.jpg.webp\" media=\"(max-width: 420px)\"><source srcset=\"https:\/\/www.campingdesgrottes.com\/wp-content\/uploads\/2025\/04\/Copyright_VDEC_LES_GROTTES-132-1-768x432.jpg.webp\" media=\"(max-width: 850px)\"><source srcset=\"https:\/\/www.campingdesgrottes.com\/wp-content\/uploads\/2025\/04\/Copyright_VDEC_LES_GROTTES-132-1-1024x576.jpg.webp\" media=\"(max-width: 1024px)\"><source srcset=\"https:\/\/www.campingdesgrottes.com\/wp-content\/uploads\/2025\/04\/Copyright_VDEC_LES_GROTTES-132-1.jpg.webp\" media=\"(min-width: 1025px)\"><img decoding=\"async\" src=\"https:\/\/www.campingdesgrottes.com\/wp-content\/uploads\/2025\/04\/Copyright_VDEC_LES_GROTTES-132-1-420x236.jpg.webp\" width=\"420\" height=\"210\" loading=\"lazy\" alt=\"\" title=\"\"><\/picture><\/figure><figure class=\"gallery__item fade-up\"><picture><source srcset=\"https:\/\/www.campingdesgrottes.com\/wp-content\/uploads\/2025\/04\/Copyright_VDEC_LES_GROTTES-193-2-420x236.webp\" media=\"(max-width: 210px)\"><source srcset=\"https:\/\/www.campingdesgrottes.com\/wp-content\/uploads\/2025\/04\/Copyright_VDEC_LES_GROTTES-193-2-850x478.webp\" media=\"(max-width: 420px)\"><source srcset=\"https:\/\/www.campingdesgrottes.com\/wp-content\/uploads\/2025\/04\/Copyright_VDEC_LES_GROTTES-193-2-768x432.webp\" media=\"(max-width: 850px)\"><source srcset=\"https:\/\/www.campingdesgrottes.com\/wp-content\/uploads\/2025\/04\/Copyright_VDEC_LES_GROTTES-193-2-1024x576.webp\" media=\"(max-width: 1024px)\"><source srcset=\"https:\/\/www.campingdesgrottes.com\/wp-content\/uploads\/2025\/04\/Copyright_VDEC_LES_GROTTES-193-2.webp\" media=\"(min-width: 1025px)\"><img decoding=\"async\" src=\"https:\/\/www.campingdesgrottes.com\/wp-content\/uploads\/2025\/04\/Copyright_VDEC_LES_GROTTES-193-2-420x236.webp\" width=\"420\" height=\"210\" loading=\"lazy\" alt=\"\" title=\"\"><\/picture><\/figure><\/div><\/div>\n\n<div class=\"cover is-fixed align-full\" data-bgimage=\"https:\/\/www.campingdesgrottes.com\/wp-content\/uploads\/2025\/04\/Copyright_VDEC_DRONE_LES_GROTTES-16.webp\" data-bgimagexs=\"https:\/\/www.campingdesgrottes.com\/wp-content\/uploads\/2025\/04\/Copyright_VDEC_DRONE_LES_GROTTES-16-768x432.webp\"><div class=\"cover__inner\"><p  style=\"text-align: center;\"  ><\/p><\/div><\/div>\n\n<div class=\"group sec-40\"><h2 class=\"fade-left\" style=\"color: var(--vert);\">Rutschen <span class=\"fc-span\">f\u00fcr garantierten Nervenkitzel<\/span><\/h2><p    >Rutschfreunde aufgepasst: Der Wasserbereich verspricht mit seinen <strong>vier Rutschen<\/strong> unvergessliche Momente des Spa\u00dfes. Zwischen der <strong>dreispurigen Pentaglidingbahn<\/strong>, die perfekt f\u00fcr gleichzeitige Abfahrten ist, und der spiralf\u00f6rmigen Rutsche, die viele Runden und viel Gel\u00e4chter verspricht, ist der Nervenkitzel vorprogrammiert! Ein <strong>Auffangbecken<\/strong> sorgt f\u00fcr Komfort und Sicherheit. <\/p><div class=\"gallery f-carousel fc-diapo-mob\" data-fancybox=\"gallery-mob\"><figure class=\"gallery__item fade-up\"><picture><source srcset=\"https:\/\/www.campingdesgrottes.com\/wp-content\/uploads\/2025\/04\/Copyright_VDEC_LES_GROTTES-138-2-420x236.webp\" media=\"(max-width: 210px)\"><source srcset=\"https:\/\/www.campingdesgrottes.com\/wp-content\/uploads\/2025\/04\/Copyright_VDEC_LES_GROTTES-138-2-850x478.webp\" media=\"(max-width: 420px)\"><source srcset=\"https:\/\/www.campingdesgrottes.com\/wp-content\/uploads\/2025\/04\/Copyright_VDEC_LES_GROTTES-138-2-768x432.webp\" media=\"(max-width: 850px)\"><source srcset=\"https:\/\/www.campingdesgrottes.com\/wp-content\/uploads\/2025\/04\/Copyright_VDEC_LES_GROTTES-138-2-1024x576.webp\" media=\"(max-width: 1024px)\"><source srcset=\"https:\/\/www.campingdesgrottes.com\/wp-content\/uploads\/2025\/04\/Copyright_VDEC_LES_GROTTES-138-2.webp\" media=\"(min-width: 1025px)\"><img decoding=\"async\" src=\"https:\/\/www.campingdesgrottes.com\/wp-content\/uploads\/2025\/04\/Copyright_VDEC_LES_GROTTES-138-2-420x236.webp\" width=\"420\" height=\"210\" loading=\"lazy\" alt=\"\" title=\"\"><\/picture><\/figure><figure class=\"gallery__item fade-up\"><picture><source srcset=\"https:\/\/www.campingdesgrottes.com\/wp-content\/uploads\/2025\/04\/Copyright_VDEC_LES_GROTTES-142-1-420x236.webp\" media=\"(max-width: 210px)\"><source srcset=\"https:\/\/www.campingdesgrottes.com\/wp-content\/uploads\/2025\/04\/Copyright_VDEC_LES_GROTTES-142-1-850x478.webp\" media=\"(max-width: 420px)\"><source srcset=\"https:\/\/www.campingdesgrottes.com\/wp-content\/uploads\/2025\/04\/Copyright_VDEC_LES_GROTTES-142-1-768x432.webp\" media=\"(max-width: 850px)\"><source srcset=\"https:\/\/www.campingdesgrottes.com\/wp-content\/uploads\/2025\/04\/Copyright_VDEC_LES_GROTTES-142-1-1024x576.webp\" media=\"(max-width: 1024px)\"><source srcset=\"https:\/\/www.campingdesgrottes.com\/wp-content\/uploads\/2025\/04\/Copyright_VDEC_LES_GROTTES-142-1.webp\" media=\"(min-width: 1025px)\"><img decoding=\"async\" src=\"https:\/\/www.campingdesgrottes.com\/wp-content\/uploads\/2025\/04\/Copyright_VDEC_LES_GROTTES-142-1-420x236.webp\" width=\"420\" height=\"210\" loading=\"lazy\" alt=\"\" title=\"\"><\/picture><\/figure><figure class=\"gallery__item fade-up\"><picture><source srcset=\"https:\/\/www.campingdesgrottes.com\/wp-content\/uploads\/2025\/04\/Copyright_VDEC_DRONE_LES_GROTTES-55-1-420x236.webp\" media=\"(max-width: 210px)\"><source srcset=\"https:\/\/www.campingdesgrottes.com\/wp-content\/uploads\/2025\/04\/Copyright_VDEC_DRONE_LES_GROTTES-55-1-850x477.webp\" media=\"(max-width: 420px)\"><source srcset=\"https:\/\/www.campingdesgrottes.com\/wp-content\/uploads\/2025\/04\/Copyright_VDEC_DRONE_LES_GROTTES-55-1-768x431.webp\" media=\"(max-width: 850px)\"><source srcset=\"https:\/\/www.campingdesgrottes.com\/wp-content\/uploads\/2025\/04\/Copyright_VDEC_DRONE_LES_GROTTES-55-1-1024x575.webp\" media=\"(max-width: 1024px)\"><source srcset=\"https:\/\/www.campingdesgrottes.com\/wp-content\/uploads\/2025\/04\/Copyright_VDEC_DRONE_LES_GROTTES-55-1.webp\" media=\"(min-width: 1025px)\"><img decoding=\"async\" src=\"https:\/\/www.campingdesgrottes.com\/wp-content\/uploads\/2025\/04\/Copyright_VDEC_DRONE_LES_GROTTES-55-1-420x236.webp\" width=\"420\" height=\"210\" loading=\"lazy\" alt=\"\" title=\"\"><\/picture><\/figure><\/div><\/div>\n\n<p  style=\"text-align: center;\"  ><strong>F\u00fcr das Wohlbefinden und die Hygiene aller sind Badeshorts und Bermudas verboten und f\u00fcr Kleinkinder sind Badewindeln vorgeschrieben.<\/strong><\/p>","protected":false},"excerpt":{"rendered":"<p>Wasserpark mit beheiztem Hallenbad in der Ari\u00e8ge Drei Becken f\u00fcr maximales Vergn\u00fcgen Inmitten einer atemberaubenden Kulisse k\u00f6nnen Sie den Wasserpark mit seinen drei Becken nutzen, der allen Anspr\u00fcchen gerecht wird. Tauchen Sie von Mitte Mai bis Mitte September in den Au\u00dfenpool ein und genie\u00dfen Sie das Schwimmen im beheizten Hallenbad zu jeder Jahreszeit. Das angenehme [&hellip;]<\/p>\n","protected":false},"author":1,"featured_media":0,"parent":0,"menu_order":0,"comment_status":"open","ping_status":"open","template":"","meta":{"_acf_changed":false,"footnotes":""},"acf":[],"_links":{"self":[{"href":"https:\/\/www.campingdesgrottes.com\/de\/wp-json\/wp\/v2\/pages\/1502"}],"collection":[{"href":"https:\/\/www.campingdesgrottes.com\/de\/wp-json\/wp\/v2\/pages"}],"about":[{"href":"https:\/\/www.campingdesgrottes.com\/de\/wp-json\/wp\/v2\/types\/page"}],"author":[{"embeddable":true,"href":"https:\/\/www.campingdesgrottes.com\/de\/wp-json\/wp\/v2\/users\/1"}],"replies":[{"embeddable":true,"href":"https:\/\/www.campingdesgrottes.com\/de\/wp-json\/wp\/v2\/comments?post=1502"}],"version-history":[{"count":3,"href":"https:\/\/www.campingdesgrottes.com\/de\/wp-json\/wp\/v2\/pages\/1502\/revisions"}],"predecessor-version":[{"id":1946,"href":"https:\/\/www.campingdesgrottes.com\/de\/wp-json\/wp\/v2\/pages\/1502\/revisions\/1946"}],"wp:attachment":[{"href":"https:\/\/www.campingdesgrottes.com\/de\/wp-json\/wp\/v2\/media?parent=1502"}],"curies":[{"name":"wp","href":"https:\/\/api.w.org\/{rel}","templated":true}]}}