{"id":1487,"date":"2025-04-07T09:30:17","date_gmt":"2025-04-07T07:30:17","guid":{"rendered":"https:\/\/www.campingdesgrottes.com\/dienste\/"},"modified":"2025-06-06T10:36:14","modified_gmt":"2025-06-06T08:36:14","slug":"dienste","status":"publish","type":"page","link":"https:\/\/www.campingdesgrottes.com\/de\/dienste\/","title":{"rendered":"Dienste"},"content":{"rendered":"<div class=\"diaporama-header align-full\"><div class=\"gallery\"><figure class=\"gallery__item\"><picture><source srcset=\"https:\/\/www.campingdesgrottes.com\/wp-content\/uploads\/2025\/04\/Copyright_VDEC_DRONE_LES_GROTTES-68-420x236.webp\" media=\"(max-width: 210px)\"><source srcset=\"https:\/\/www.campingdesgrottes.com\/wp-content\/uploads\/2025\/04\/Copyright_VDEC_DRONE_LES_GROTTES-68-850x478.webp\" media=\"(max-width: 420px)\"><source srcset=\"https:\/\/www.campingdesgrottes.com\/wp-content\/uploads\/2025\/04\/Copyright_VDEC_DRONE_LES_GROTTES-68-768x432.webp\" media=\"(max-width: 850px)\"><source srcset=\"https:\/\/www.campingdesgrottes.com\/wp-content\/uploads\/2025\/04\/Copyright_VDEC_DRONE_LES_GROTTES-68-1024x575.webp\" media=\"(max-width: 1024px)\"><source srcset=\"https:\/\/www.campingdesgrottes.com\/wp-content\/uploads\/2025\/04\/Copyright_VDEC_DRONE_LES_GROTTES-68.webp\" media=\"(min-width: 1025px)\"><img loading=\"lazy\" decoding=\"async\" src=\"https:\/\/www.campingdesgrottes.com\/wp-content\/uploads\/2025\/04\/Copyright_VDEC_DRONE_LES_GROTTES-68-420x236.webp\" width=\"420\" height=\"210\" alt=\"\" title=\"\"><\/picture><\/figure><\/div><div class=\"diaporama-header__inner\"><h1>Die Dienstleistungen eines 4-Sterne-Campingplatzes <span class=\"fc-span\">in der Ari\u00e8ge<\/span><\/h1><\/div><\/div>\n\n<div class=\"group sec-40\"><h2 class=\"fade-left\" style=\"color: var(--vert);\">Verpflegung <span class=\"fc-span\">vor Ort oder zum Mitnehmen<\/span><\/h2><p    >Das Restaurant bietet Ihnen eine <strong>abwechslungsreiche K\u00fcche<\/strong>: Tagesgerichte, Pizzas, Sandwiches, lokale Spezialit\u00e4ten und Brath\u00e4hnchen zum Mitnehmen. Machen Sie es sich im Speisesaal oder auf der Terrasse mit Blick auf den Spielplatz und die Berge gem\u00fctlich oder genie\u00dfen Sie Ihr Essen direkt auf Ihrem Stellplatz. <\/p><div class=\"lireplus fc-mob\"><p    >Lesen Sie mehr<\/p><div class=\"group\"><p    >Das Restaurant des Campingplatzes ist sowohl f\u00fcr Urlauber als auch f\u00fcr <strong>Besucher von au\u00dferhalb<\/strong> gedacht. Im Lebensmittelgesch\u00e4ft k\u00f6nnen Sie jeden Morgen frisches Brot und Geb\u00e4ck kaufen. <\/p><\/div><\/div><div class=\"gallery f-carousel fc-diapo-mob\" data-fancybox=\"gallery-mob\"><figure class=\"gallery__item fade-up\"><picture><source srcset=\"https:\/\/www.campingdesgrottes.com\/wp-content\/uploads\/2025\/06\/DSC_4867-280x420.webp\" media=\"(max-width: 210px)\"><source srcset=\"https:\/\/www.campingdesgrottes.com\/wp-content\/uploads\/2025\/06\/DSC_4867-568x850.webp\" media=\"(max-width: 420px)\"><source srcset=\"https:\/\/www.campingdesgrottes.com\/wp-content\/uploads\/2025\/06\/DSC_4867-768x1150.webp\" media=\"(max-width: 850px)\"><source srcset=\"https:\/\/www.campingdesgrottes.com\/wp-content\/uploads\/2025\/06\/DSC_4867-684x1024.webp\" media=\"(max-width: 1024px)\"><source srcset=\"https:\/\/www.campingdesgrottes.com\/wp-content\/uploads\/2025\/06\/DSC_4867.webp\" media=\"(min-width: 1025px)\"><img decoding=\"async\" src=\"https:\/\/www.campingdesgrottes.com\/wp-content\/uploads\/2025\/06\/DSC_4867-280x420.webp\" width=\"420\" height=\"210\" loading=\"lazy\" alt=\"\" title=\"\"><\/picture><\/figure><figure class=\"gallery__item fade-up\"><picture><source srcset=\"https:\/\/www.campingdesgrottes.com\/wp-content\/uploads\/2025\/06\/DSC_4775-420x280.webp\" media=\"(max-width: 210px)\"><source srcset=\"https:\/\/www.campingdesgrottes.com\/wp-content\/uploads\/2025\/06\/DSC_4775-850x567.webp\" media=\"(max-width: 420px)\"><source srcset=\"https:\/\/www.campingdesgrottes.com\/wp-content\/uploads\/2025\/06\/DSC_4775-768x512.webp\" media=\"(max-width: 850px)\"><source srcset=\"https:\/\/www.campingdesgrottes.com\/wp-content\/uploads\/2025\/06\/DSC_4775-1024x683.webp\" media=\"(max-width: 1024px)\"><source srcset=\"https:\/\/www.campingdesgrottes.com\/wp-content\/uploads\/2025\/06\/DSC_4775.webp\" media=\"(min-width: 1025px)\"><img decoding=\"async\" src=\"https:\/\/www.campingdesgrottes.com\/wp-content\/uploads\/2025\/06\/DSC_4775-420x280.webp\" width=\"420\" height=\"210\" loading=\"lazy\" alt=\"\" title=\"\"><\/picture><\/figure><figure class=\"gallery__item fade-up\"><picture><source srcset=\"https:\/\/www.campingdesgrottes.com\/wp-content\/uploads\/2025\/06\/DSC_4856-280x420.webp\" media=\"(max-width: 210px)\"><source srcset=\"https:\/\/www.campingdesgrottes.com\/wp-content\/uploads\/2025\/06\/DSC_4856-568x850.webp\" media=\"(max-width: 420px)\"><source srcset=\"https:\/\/www.campingdesgrottes.com\/wp-content\/uploads\/2025\/06\/DSC_4856-768x1150.webp\" media=\"(max-width: 850px)\"><source srcset=\"https:\/\/www.campingdesgrottes.com\/wp-content\/uploads\/2025\/06\/DSC_4856-684x1024.webp\" media=\"(max-width: 1024px)\"><source srcset=\"https:\/\/www.campingdesgrottes.com\/wp-content\/uploads\/2025\/06\/DSC_4856.webp\" media=\"(min-width: 1025px)\"><img decoding=\"async\" src=\"https:\/\/www.campingdesgrottes.com\/wp-content\/uploads\/2025\/06\/DSC_4856-280x420.webp\" width=\"420\" height=\"210\" loading=\"lazy\" alt=\"\" title=\"\"><\/picture><\/figure><\/div><\/div>\n\n<div class=\"group sec-15\"><h2 class=\"fade-right\" style=\"color: var(--vert);\">Ein Wellnessbereich, <span class=\"fc-span\">um sich zu erholen<\/span><\/h2><div class=\"group sec-15__texte\"><p    >Entspannen Sie sich in unserem Wellnessbereich, der mit einem<strong> Jacuzzi<\/strong>, einer <strong>Sauna<\/strong> und einem Solarium ausgestattet ist. In der Nebensaison ist der Zugang kostenlos, nach einer Reservierung von 30 Minuten. Eine ideale Auszeit f\u00fcr einen <strong>Moment der Entspannung<\/strong> nach einem Tag in den Bergen.  <\/p><\/div><div class=\"gallery fade-left f-carousel fc-diapo-mob\" data-fancybox=\"gallery-mob\"><figure class=\"gallery__item fade-up\"><picture><source srcset=\"https:\/\/www.campingdesgrottes.com\/wp-content\/uploads\/2025\/06\/DSC_4760-420x280.webp\" media=\"(max-width: 210px)\"><source srcset=\"https:\/\/www.campingdesgrottes.com\/wp-content\/uploads\/2025\/06\/DSC_4760-850x567.webp\" media=\"(max-width: 420px)\"><source srcset=\"https:\/\/www.campingdesgrottes.com\/wp-content\/uploads\/2025\/06\/DSC_4760-768x512.webp\" media=\"(max-width: 850px)\"><source srcset=\"https:\/\/www.campingdesgrottes.com\/wp-content\/uploads\/2025\/06\/DSC_4760-1024x683.webp\" media=\"(max-width: 1024px)\"><source srcset=\"https:\/\/www.campingdesgrottes.com\/wp-content\/uploads\/2025\/06\/DSC_4760.webp\" media=\"(min-width: 1025px)\"><img decoding=\"async\" src=\"https:\/\/www.campingdesgrottes.com\/wp-content\/uploads\/2025\/06\/DSC_4760-420x280.webp\" width=\"420\" height=\"210\" loading=\"lazy\" alt=\"\" title=\"\"><\/picture><figcaption>Sauna<\/figcaption><\/figure><figure class=\"gallery__item fade-up\"><picture><source srcset=\"https:\/\/www.campingdesgrottes.com\/wp-content\/uploads\/2025\/06\/DSC_4758-420x280.webp\" media=\"(max-width: 210px)\"><source srcset=\"https:\/\/www.campingdesgrottes.com\/wp-content\/uploads\/2025\/06\/DSC_4758-850x567.webp\" media=\"(max-width: 420px)\"><source srcset=\"https:\/\/www.campingdesgrottes.com\/wp-content\/uploads\/2025\/06\/DSC_4758-768x512.webp\" media=\"(max-width: 850px)\"><source srcset=\"https:\/\/www.campingdesgrottes.com\/wp-content\/uploads\/2025\/06\/DSC_4758-1024x683.webp\" media=\"(max-width: 1024px)\"><source srcset=\"https:\/\/www.campingdesgrottes.com\/wp-content\/uploads\/2025\/06\/DSC_4758.webp\" media=\"(min-width: 1025px)\"><img decoding=\"async\" src=\"https:\/\/www.campingdesgrottes.com\/wp-content\/uploads\/2025\/06\/DSC_4758-420x280.webp\" width=\"420\" height=\"210\" loading=\"lazy\" alt=\"\" title=\"\"><\/picture><figcaption>Jacuzzi<\/figcaption><\/figure><\/div><\/div>\n\n<div class=\"group sec-05\"><h2 class=\"fade-right\" style=\"text-align: left;color: var(--vert);\">Alle Dienste<span class=\"fc-span\"> zur Verf\u00fcgung<\/span><\/h2><div class=\"group sec-05__texte\"><p    >Der Campingplatz bietet Ihnen einen <strong>Lebensmittelladen<\/strong> f\u00fcr Ihre t\u00e4glichen Eink\u00e4ufe (Brot, Geb\u00e4ck, Zeitungen, Zeitschriften), einen <strong>Waschsalon<\/strong> mit Waschmaschinen und Trocknern, einen Babyraum und ein WLAN-Netzwerk auf dem gesamten Campingplatz. An der Rezeption finden Sie auch <strong>touristische Informationen,<\/strong> um Ihre Aktivit\u00e4ten in der Ari\u00e8ge zu organisieren. <\/p><\/div><div class=\"gallery f-carousel fc-diapo-mob\" data-fancybox=\"gallery-mob\"><figure class=\"gallery__item fade-up\"><picture><source srcset=\"https:\/\/www.campingdesgrottes.com\/wp-content\/uploads\/2025\/06\/DSC_4739-420x280.webp\" media=\"(max-width: 210px)\"><source srcset=\"https:\/\/www.campingdesgrottes.com\/wp-content\/uploads\/2025\/06\/DSC_4739-850x567.webp\" media=\"(max-width: 420px)\"><source srcset=\"https:\/\/www.campingdesgrottes.com\/wp-content\/uploads\/2025\/06\/DSC_4739-768x512.webp\" media=\"(max-width: 850px)\"><source srcset=\"https:\/\/www.campingdesgrottes.com\/wp-content\/uploads\/2025\/06\/DSC_4739-1024x683.webp\" media=\"(max-width: 1024px)\"><source srcset=\"https:\/\/www.campingdesgrottes.com\/wp-content\/uploads\/2025\/06\/DSC_4739.webp\" media=\"(min-width: 1025px)\"><img decoding=\"async\" src=\"https:\/\/www.campingdesgrottes.com\/wp-content\/uploads\/2025\/06\/DSC_4739-420x280.webp\" width=\"420\" height=\"210\" loading=\"lazy\" alt=\"\" title=\"\"><\/picture><\/figure><figure class=\"gallery__item fade-up\"><picture><source srcset=\"https:\/\/www.campingdesgrottes.com\/wp-content\/uploads\/2025\/06\/DSC_4751-420x280.webp\" media=\"(max-width: 210px)\"><source srcset=\"https:\/\/www.campingdesgrottes.com\/wp-content\/uploads\/2025\/06\/DSC_4751-850x567.webp\" media=\"(max-width: 420px)\"><source srcset=\"https:\/\/www.campingdesgrottes.com\/wp-content\/uploads\/2025\/06\/DSC_4751-768x512.webp\" media=\"(max-width: 850px)\"><source srcset=\"https:\/\/www.campingdesgrottes.com\/wp-content\/uploads\/2025\/06\/DSC_4751-1024x683.webp\" media=\"(max-width: 1024px)\"><source srcset=\"https:\/\/www.campingdesgrottes.com\/wp-content\/uploads\/2025\/06\/DSC_4751.webp\" media=\"(min-width: 1025px)\"><img decoding=\"async\" src=\"https:\/\/www.campingdesgrottes.com\/wp-content\/uploads\/2025\/06\/DSC_4751-420x280.webp\" width=\"420\" height=\"210\" loading=\"lazy\" alt=\"\" title=\"\"><\/picture><\/figure><figure class=\"gallery__item fade-up\"><picture><source srcset=\"https:\/\/www.campingdesgrottes.com\/wp-content\/uploads\/2025\/06\/DSC_4745-420x280.webp\" media=\"(max-width: 210px)\"><source srcset=\"https:\/\/www.campingdesgrottes.com\/wp-content\/uploads\/2025\/06\/DSC_4745-850x567.webp\" media=\"(max-width: 420px)\"><source srcset=\"https:\/\/www.campingdesgrottes.com\/wp-content\/uploads\/2025\/06\/DSC_4745-768x512.webp\" media=\"(max-width: 850px)\"><source srcset=\"https:\/\/www.campingdesgrottes.com\/wp-content\/uploads\/2025\/06\/DSC_4745-1024x683.webp\" media=\"(max-width: 1024px)\"><source srcset=\"https:\/\/www.campingdesgrottes.com\/wp-content\/uploads\/2025\/06\/DSC_4745.webp\" media=\"(min-width: 1025px)\"><img decoding=\"async\" src=\"https:\/\/www.campingdesgrottes.com\/wp-content\/uploads\/2025\/06\/DSC_4745-420x280.webp\" width=\"420\" height=\"210\" loading=\"lazy\" alt=\"\" title=\"\"><\/picture><\/figure><\/div><\/div>","protected":false},"excerpt":{"rendered":"<p>Die Dienstleistungen eines 4-Sterne-Campingplatzes in der Ari\u00e8ge Verpflegung vor Ort oder zum Mitnehmen Das Restaurant bietet Ihnen eine abwechslungsreiche K\u00fcche: Tagesgerichte, Pizzas, Sandwiches, lokale Spezialit\u00e4ten und Brath\u00e4hnchen zum Mitnehmen. Machen Sie es sich im Speisesaal oder auf der Terrasse mit Blick auf den Spielplatz und die Berge gem\u00fctlich oder genie\u00dfen Sie Ihr Essen direkt auf [&hellip;]<\/p>\n","protected":false},"author":1,"featured_media":0,"parent":0,"menu_order":0,"comment_status":"open","ping_status":"open","template":"","meta":{"_acf_changed":false,"footnotes":""},"acf":[],"_links":{"self":[{"href":"https:\/\/www.campingdesgrottes.com\/de\/wp-json\/wp\/v2\/pages\/1487"}],"collection":[{"href":"https:\/\/www.campingdesgrottes.com\/de\/wp-json\/wp\/v2\/pages"}],"about":[{"href":"https:\/\/www.campingdesgrottes.com\/de\/wp-json\/wp\/v2\/types\/page"}],"author":[{"embeddable":true,"href":"https:\/\/www.campingdesgrottes.com\/de\/wp-json\/wp\/v2\/users\/1"}],"replies":[{"embeddable":true,"href":"https:\/\/www.campingdesgrottes.com\/de\/wp-json\/wp\/v2\/comments?post=1487"}],"version-history":[{"count":4,"href":"https:\/\/www.campingdesgrottes.com\/de\/wp-json\/wp\/v2\/pages\/1487\/revisions"}],"predecessor-version":[{"id":1950,"href":"https:\/\/www.campingdesgrottes.com\/de\/wp-json\/wp\/v2\/pages\/1487\/revisions\/1950"}],"wp:attachment":[{"href":"https:\/\/www.campingdesgrottes.com\/de\/wp-json\/wp\/v2\/media?parent=1487"}],"curies":[{"name":"wp","href":"https:\/\/api.w.org\/{rel}","templated":true}]}}